{"id":169,"date":"2024-10-19T13:05:41","date_gmt":"2024-10-19T16:05:41","guid":{"rendered":"http:\/\/www.ushgotdf.shop\/argentoboom\/?page_id=169"},"modified":"2024-11-23T11:23:08","modified_gmt":"2024-11-23T14:23:08","slug":"boom-marketplace","status":"publish","type":"page","link":"https:\/\/www.ushgotdf.shop\/argentoboom\/","title":{"rendered":"ArgentoBoom &#8211; Marketplace"},"content":{"rendered":"\n<div class=\"wp-block-group alignwide\" style=\"padding-top: 50px; padding-bottom: 50px; text-align: center;\">\n    \n    <!-- T\u00edtulo principal con imagen de fondo -->\n    <div class=\"text-background-with-image is-layout-flow wp-block-group-is-layout-flow\" style=\"background-image: url('https:\/\/www.ushgotdf.shop\/argentoboom\/wp-content\/uploads\/2024\/10\/fondo-face-1-e1729280248331.jpg'); background-size: cover; background-position: center; padding: 20px; border-radius: 10px;\">\n        \n        <h1 class=\"wp-block-heading has-text-align-center responsive-heading\" style=\"color: white; text-shadow: 2px 2px 4px rgba(0,0,0,0.7);\">\n            <p>ArgentoBoom es tu tienda multiproductos con las \u00faltimas novedades en tecnolog\u00eda, hogar, moda y m\u00e1s.<\/p>\n            <p>Ofertas irresistibles y un nuevo Boom cada 24 hs.<\/p>\n            <p>Tu mejor marketplace.<\/p>\n        <\/h1>\n        \n    <\/div>\n    \n    <!-- Bomba con cuenta regresiva -->\n    <div style=\"margin-right: 20px;\">\n        <h4 style=\"font-size: 24px; color: #ff3333;\">Un nuevo BOOM en:<\/h4>\n    <\/div>\n    <div id=\"bomb-clock-container\" style=\"display: flex; justify-content: center; align-items: center; flex-direction: column; margin: 20px;\">\n        <div id=\"bomb-container\">\n            <div id=\"bomb\" style=\"width: 100px; height: 100px; background-color: black; border-radius: 50%; position: relative; box-shadow: 0 0 15px rgba(0,0,0,0.5); display: flex; justify-content: center; align-items: center; color: red; font-size: 24px; font-weight: bold;\">\n                <div class=\"fuse\" style=\"width: 5px; height: 30px; background-color: white; border-radius: 5px; position: absolute; left: 50%; transform: translateX(-50%); bottom: 100%;\"><\/div>\n                <div id=\"clock\" style=\"color: red; font-size: 24px;\">00:00:00<\/div>\n            <\/div>\n        <\/div>\n    <\/div>\n    \n    <style>\n        \/* Estilo para la mecha *\/\n        .fuse {\n            animation: burn 0.5s infinite;\n        }\n        \/* Animaci\u00f3n de la mecha encendida *\/\n        @keyframes burn {\n            0% {\n                height: 30px;\n                background-color: white;\n            }\n            50% {\n                height: 20px;\n                background-color: orange;\n            }\n            100% {\n                height: 10px;\n                background-color: red;\n            }\n        }\n    <\/style>\n\n    <script>\n        function startCountdown() {\n            const clockElement = document.getElementById(\"clock\");\n            const now = new Date();\n            let targetTime = new Date(now.getFullYear(), now.getMonth(), now.getDate(), 11, 0, 0); \/\/ Hora objetivo a las 11 AM\n\n            if (now >= targetTime) {\n                targetTime.setDate(targetTime.getDate() + 1);\n            }\n\n            const countdown = targetTime - now;\n            let timeLeft = Math.floor(countdown \/ 1000);\n\n            function updateClock() {\n                const hours = Math.floor(timeLeft \/ 3600);\n                const minutes = Math.floor((timeLeft % 3600) \/ 60);\n                const seconds = timeLeft % 60;\n                clockElement.innerHTML = `${hours}:${minutes < 10 ? '0' : ''}${minutes}:${seconds < 10 ? '0' : ''}${seconds}`;\n                timeLeft--;\n\n                if (timeLeft < 0) {\n                    clearInterval(interval);\n                    clockElement.innerHTML = \"\u00a1Boom!\";\n                }\n            }\n\n            const interval = setInterval(updateClock, 1000);\n            updateClock();\n        }\n\n        startCountdown();\n    <\/script>\n    <!-- Fin de la bomba con cuenta regresiva -->\n\n    <!-- Slider de \"\u00daltimos BOOMS\" -->\n    \n    <div data-aos= \"zoom-in\" data-aos-duration=\"400\" data-aos-delay=\"0\" data-aos-easing=\"ease\" data-aos-once=\"true\" class=\"wp-block-uagb-advanced-heading uagb-block-911e3dfc\"><h3 class=\"uagb-heading-text\">\u00daltimos BOOMS en ArgentoBoom<\/h3><\/div>\n    \n    \n\n    <!-- Secci\u00f3n de categor\u00edas -->\n    \n    <div data-aos= \"zoom-in\" data-aos-duration=\"400\" data-aos-delay=\"0\" data-aos-easing=\"ease\" data-aos-once=\"true\" class=\"wp-block-uagb-advanced-heading uagb-block-e94d3fee\"><h3 class=\"uagb-heading-text\">\u00a1Explora nuestras categor\u00edas ahora!<\/h3><\/div>\n    <div class=\"pt-cv-wrapper\"><div class=\"pt-cv-view pt-cv-grid pt-cv-colsys\" id=\"pt-cv-view-154a122xry\"><div data-id=\"pt-cv-page-1\" class=\"pt-cv-page\" data-cvc=\"3\"><div class=\"col-md-4 col-sm-6 col-xs-6 pt-cv-content-item pt-cv-1-col\" ><div class='pt-cv-ifield'><a href=\"https:\/\/www.ushgotdf.shop\/argentoboom\/boom-calzados\/\" class=\"_self pt-cv-href-thumbnail pt-cv-thumb-default\" target=\"_self\" ><img loading=\"lazy\" decoding=\"async\" width=\"1024\" height=\"870\" src=\"https:\/\/www.ushgotdf.shop\/argentoboom\/wp-content\/uploads\/2025\/08\/logo-1-1-e1756322434910.jpg\" class=\"pt-cv-thumbnail\" alt=\"\" \/><\/a>\n<div class=\"pt-cv-taxoterm above_title\"><\/div>\n<h4 class=\"pt-cv-title\"><a href=\"https:\/\/www.ushgotdf.shop\/argentoboom\/boom-calzados\/\" class=\"_self\" target=\"_self\" >Boom Calzados<\/a><\/h4><\/div><\/div>\n<div class=\"col-md-4 col-sm-6 col-xs-6 pt-cv-content-item pt-cv-1-col\" ><div class='pt-cv-ifield'><a href=\"https:\/\/www.ushgotdf.shop\/argentoboom\/boom-tecnologico\/\" class=\"_self pt-cv-href-thumbnail pt-cv-thumb-default\" target=\"_self\" ><img loading=\"lazy\" decoding=\"async\" width=\"500\" height=\"399\" src=\"https:\/\/www.ushgotdf.shop\/argentoboom\/wp-content\/uploads\/2024\/10\/tecno-21.jpg\" class=\"pt-cv-thumbnail\" alt=\"\" \/><\/a>\n<div class=\"pt-cv-taxoterm above_title\"><\/div>\n<h4 class=\"pt-cv-title\"><a href=\"https:\/\/www.ushgotdf.shop\/argentoboom\/boom-tecnologico\/\" class=\"_self\" target=\"_self\" >Boom Tecnol\u00f3gico<\/a><\/h4><\/div><\/div>\n<div class=\"col-md-4 col-sm-6 col-xs-6 pt-cv-content-item pt-cv-1-col\" ><div class='pt-cv-ifield'><a href=\"https:\/\/www.ushgotdf.shop\/argentoboom\/boom-regaleria\/\" class=\"_self pt-cv-href-thumbnail pt-cv-thumb-default\" target=\"_self\" ><img loading=\"lazy\" decoding=\"async\" width=\"500\" height=\"399\" src=\"https:\/\/www.ushgotdf.shop\/argentoboom\/wp-content\/uploads\/2024\/10\/regalerias.jpg\" class=\"pt-cv-thumbnail\" alt=\"\" \/><\/a>\n<div class=\"pt-cv-taxoterm above_title\"><\/div>\n<h4 class=\"pt-cv-title\"><a href=\"https:\/\/www.ushgotdf.shop\/argentoboom\/boom-regaleria\/\" class=\"_self\" target=\"_self\" >Boom Regaler\u00eda<\/a><\/h4><\/div><\/div>\n<div class=\"col-md-4 col-sm-6 col-xs-6 pt-cv-content-item pt-cv-1-col\" ><div class='pt-cv-ifield'><a href=\"https:\/\/www.ushgotdf.shop\/argentoboom\/boom-parques-y-jardines\/\" class=\"_self pt-cv-href-thumbnail pt-cv-thumb-default\" target=\"_self\" ><img loading=\"lazy\" decoding=\"async\" width=\"500\" height=\"399\" src=\"https:\/\/www.ushgotdf.shop\/argentoboom\/wp-content\/uploads\/2024\/10\/jardines.jpg\" class=\"pt-cv-thumbnail\" alt=\"\" \/><\/a>\n<div class=\"pt-cv-taxoterm above_title\"><\/div>\n<h4 class=\"pt-cv-title\"><a href=\"https:\/\/www.ushgotdf.shop\/argentoboom\/boom-parques-y-jardines\/\" class=\"_self\" target=\"_self\" >Boom Parques y Jardines<\/a><\/h4><\/div><\/div>\n<div class=\"col-md-4 col-sm-6 col-xs-6 pt-cv-content-item pt-cv-1-col\" ><div class='pt-cv-ifield'><a href=\"https:\/\/www.ushgotdf.shop\/argentoboom\/boom-cocina-y-gourmet\/\" class=\"_self pt-cv-href-thumbnail pt-cv-thumb-default\" target=\"_self\" ><img loading=\"lazy\" decoding=\"async\" width=\"500\" height=\"366\" src=\"https:\/\/www.ushgotdf.shop\/argentoboom\/wp-content\/uploads\/2024\/10\/cocina-y-gourmet.jpg\" class=\"pt-cv-thumbnail\" alt=\"\" \/><\/a>\n<div class=\"pt-cv-taxoterm above_title\"><\/div>\n<h4 class=\"pt-cv-title\"><a href=\"https:\/\/www.ushgotdf.shop\/argentoboom\/boom-cocina-y-gourmet\/\" class=\"_self\" target=\"_self\" >Boom Cocina y Gourmet<\/a><\/h4><\/div><\/div>\n<div class=\"col-md-4 col-sm-6 col-xs-6 pt-cv-content-item pt-cv-1-col\" ><div class='pt-cv-ifield'><a href=\"https:\/\/www.ushgotdf.shop\/argentoboom\/boom-hogareno\/\" class=\"_self pt-cv-href-thumbnail pt-cv-thumb-default\" target=\"_self\" ><img loading=\"lazy\" decoding=\"async\" width=\"500\" height=\"399\" src=\"https:\/\/www.ushgotdf.shop\/argentoboom\/wp-content\/uploads\/2024\/10\/deco.jpg\" class=\"pt-cv-thumbnail\" alt=\"\" \/><\/a>\n<div class=\"pt-cv-taxoterm above_title\"><\/div>\n<h4 class=\"pt-cv-title\"><a href=\"https:\/\/www.ushgotdf.shop\/argentoboom\/boom-hogareno\/\" class=\"_self\" target=\"_self\" >Boom Hogare\u00f1o<\/a><\/h4><\/div><\/div>\n<div class=\"col-md-4 col-sm-6 col-xs-6 pt-cv-content-item pt-cv-1-col\" ><div class='pt-cv-ifield'><a href=\"https:\/\/www.ushgotdf.shop\/argentoboom\/boom-belleza\/\" class=\"_self pt-cv-href-thumbnail pt-cv-thumb-default\" target=\"_self\" ><img loading=\"lazy\" decoding=\"async\" width=\"500\" height=\"399\" src=\"https:\/\/www.ushgotdf.shop\/argentoboom\/wp-content\/uploads\/2024\/10\/belleza.jpg\" class=\"pt-cv-thumbnail\" alt=\"\" \/><\/a>\n<div class=\"pt-cv-taxoterm above_title\"><\/div>\n<h4 class=\"pt-cv-title\"><a href=\"https:\/\/www.ushgotdf.shop\/argentoboom\/boom-belleza\/\" class=\"_self\" target=\"_self\" >Boom Belleza<\/a><\/h4><\/div><\/div>\n<div class=\"col-md-4 col-sm-6 col-xs-6 pt-cv-content-item pt-cv-1-col\" ><div class='pt-cv-ifield'><a href=\"https:\/\/www.ushgotdf.shop\/argentoboom\/boom-automotor\/\" class=\"_self pt-cv-href-thumbnail pt-cv-thumb-default\" target=\"_self\" ><img loading=\"lazy\" decoding=\"async\" width=\"500\" height=\"366\" src=\"https:\/\/www.ushgotdf.shop\/argentoboom\/wp-content\/uploads\/2024\/10\/autos.jpg\" class=\"pt-cv-thumbnail\" alt=\"\" \/><\/a>\n<div class=\"pt-cv-taxoterm above_title\"><\/div>\n<h4 class=\"pt-cv-title\"><a href=\"https:\/\/www.ushgotdf.shop\/argentoboom\/boom-automotor\/\" class=\"_self\" target=\"_self\" >Boom Automotor<\/a><\/h4><\/div><\/div>\n<div class=\"col-md-4 col-sm-6 col-xs-6 pt-cv-content-item pt-cv-1-col\" ><div class='pt-cv-ifield'><a href=\"https:\/\/www.ushgotdf.shop\/argentoboom\/boom-mascotas\/\" class=\"_self pt-cv-href-thumbnail pt-cv-thumb-default\" target=\"_self\" ><img loading=\"lazy\" decoding=\"async\" width=\"473\" height=\"347\" src=\"https:\/\/www.ushgotdf.shop\/argentoboom\/wp-content\/uploads\/2024\/10\/th-507314378-e1729212107686.jpg\" class=\"pt-cv-thumbnail\" alt=\"\" \/><\/a>\n<div class=\"pt-cv-taxoterm above_title\"><\/div>\n<h4 class=\"pt-cv-title\"><a href=\"https:\/\/www.ushgotdf.shop\/argentoboom\/boom-mascotas\/\" class=\"_self\" target=\"_self\" >Boom Mascotas<\/a><\/h4><\/div><\/div><\/div><\/div><\/div>\n<\/div>\n\n\n<!-- Estilos generales -->\n<style>\n    .responsive-heading {\n        font-size: 2vw;\n        max-width: 90%;\n        margin: 0 auto;\n        line-height: 1;\n        color: white;\n    }\n\n    .text-background-with-image {\n        background-color: rgba(0, 0, 0, 0.5);\n        padding: 20px;\n        border-radius: 10px;\n        display: inline-block;\n        max-width: 90%;\n        background-blend-mode: overlay;\n    }\n\n    @media (max-width: 768px) {\n        .responsive-heading {\n            font-size: 4vw;\n        }\n    }\n\n    @media (max-width: 480px) {\n        .responsive-heading {\n            font-size: 5.5vw;\n        }\n    }\n\n    ul.products li.product img {\n        width: 100%;\n        height: auto;\n    }\n<\/style>\n","protected":false},"excerpt":{"rendered":"<p>ArgentoBoom es tu tienda multiproductos con las \u00faltimas novedades en tecnolog\u00eda, hogar, moda y m\u00e1s. Ofertas irresistibles y un nuevo Boom cada 24 hs. Tu mejor marketplace. \u00daltimos BOOMS en ArgentoBoom<\/p>\n","protected":false},"author":1,"featured_media":0,"parent":0,"menu_order":0,"comment_status":"closed","ping_status":"closed","template":"","meta":{"_uag_custom_page_level_css":"","footnotes":""},"class_list":["post-169","page","type-page","status-publish","hentry"],"blocksy_meta":{"has_hero_section":"disabled","styles_descriptor":{"styles":{"desktop":"","tablet":"","mobile":""},"google_fonts":[],"version":6}},"yoast_head":"<!-- This site is optimized with the Yoast SEO plugin v27.5 - https:\/\/yoast.com\/product\/yoast-seo-wordpress\/ -->\n<title>ArgentoBoom - Marketplace<\/title>\n<meta name=\"description\" content=\"Una tienda multiproductos con novedades BOOM en tecnolog\u00eda, hogar, moda y m\u00e1s. Ofertas irresistibles y con env\u00edos a todo el pa\u00eds.\" \/>\n<meta name=\"robots\" content=\"index, follow, max-snippet:-1, max-image-preview:large, max-video-preview:-1\" \/>\n<link rel=\"canonical\" href=\"https:\/\/www.ushgotdf.shop\/argentoboom\/\" \/>\n<meta property=\"og:locale\" content=\"es_ES\" \/>\n<meta property=\"og:type\" content=\"article\" \/>\n<meta property=\"og:title\" content=\"ArgentoBoom - Marketplace\" \/>\n<meta property=\"og:description\" content=\"Una tienda multiproductos con novedades BOOM en tecnolog\u00eda, hogar, moda y m\u00e1s. Ofertas irresistibles y con env\u00edos a todo el pa\u00eds.\" \/>\n<meta property=\"og:url\" content=\"https:\/\/www.ushgotdf.shop\/argentoboom\/\" \/>\n<meta property=\"og:site_name\" content=\"ArgentoBoom\" \/>\n<meta property=\"article:modified_time\" content=\"2024-11-23T14:23:08+00:00\" \/>\n<meta name=\"twitter:card\" content=\"summary_large_image\" \/>\n<meta name=\"twitter:label1\" content=\"Tiempo de lectura\" \/>\n\t<meta name=\"twitter:data1\" content=\"1 minuto\" \/>\n<script type=\"application\/ld+json\" class=\"yoast-schema-graph\">{\"@context\":\"https:\\\/\\\/schema.org\",\"@graph\":[{\"@type\":\"WebPage\",\"@id\":\"https:\\\/\\\/www.ushgotdf.shop\\\/argentoboom\\\/\",\"url\":\"https:\\\/\\\/www.ushgotdf.shop\\\/argentoboom\\\/\",\"name\":\"ArgentoBoom - Marketplace\",\"isPartOf\":{\"@id\":\"https:\\\/\\\/www.ushgotdf.shop\\\/argentoboom\\\/#website\"},\"datePublished\":\"2024-10-19T16:05:41+00:00\",\"dateModified\":\"2024-11-23T14:23:08+00:00\",\"description\":\"Una tienda multiproductos con novedades BOOM en tecnolog\u00eda, hogar, moda y m\u00e1s. Ofertas irresistibles y con env\u00edos a todo el pa\u00eds.\",\"breadcrumb\":{\"@id\":\"https:\\\/\\\/www.ushgotdf.shop\\\/argentoboom\\\/#breadcrumb\"},\"inLanguage\":\"es\",\"potentialAction\":[{\"@type\":\"ReadAction\",\"target\":[\"https:\\\/\\\/www.ushgotdf.shop\\\/argentoboom\\\/\"]}]},{\"@type\":\"BreadcrumbList\",\"@id\":\"https:\\\/\\\/www.ushgotdf.shop\\\/argentoboom\\\/#breadcrumb\",\"itemListElement\":[{\"@type\":\"ListItem\",\"position\":1,\"name\":\"Portada\",\"item\":\"https:\\\/\\\/www.ushgotdf.shop\\\/argentoboom\\\/\"},{\"@type\":\"ListItem\",\"position\":2,\"name\":\"ArgentoBoom &#8211; Marketplace\"}]},{\"@type\":\"WebSite\",\"@id\":\"https:\\\/\\\/www.ushgotdf.shop\\\/argentoboom\\\/#website\",\"url\":\"https:\\\/\\\/www.ushgotdf.shop\\\/argentoboom\\\/\",\"name\":\"ArgentoBoom\",\"description\":\"\u2728 &iexcl;Descubr&iacute; lo que est&aacute; haciendo BOOM en todo el pa&iacute;s! \u2728\",\"publisher\":{\"@id\":\"https:\\\/\\\/www.ushgotdf.shop\\\/argentoboom\\\/#organization\"},\"potentialAction\":[{\"@type\":\"SearchAction\",\"target\":{\"@type\":\"EntryPoint\",\"urlTemplate\":\"https:\\\/\\\/www.ushgotdf.shop\\\/argentoboom\\\/?s={search_term_string}\"},\"query-input\":{\"@type\":\"PropertyValueSpecification\",\"valueRequired\":true,\"valueName\":\"search_term_string\"}}],\"inLanguage\":\"es\"},{\"@type\":\"Organization\",\"@id\":\"https:\\\/\\\/www.ushgotdf.shop\\\/argentoboom\\\/#organization\",\"name\":\"ArgentoBoom\",\"url\":\"https:\\\/\\\/www.ushgotdf.shop\\\/argentoboom\\\/\",\"logo\":{\"@type\":\"ImageObject\",\"inLanguage\":\"es\",\"@id\":\"https:\\\/\\\/www.ushgotdf.shop\\\/argentoboom\\\/#\\\/schema\\\/logo\\\/image\\\/\",\"url\":\"https:\\\/\\\/www.ushgotdf.shop\\\/argentoboom\\\/wp-content\\\/uploads\\\/2024\\\/10\\\/logo-redondo-arg-1-e1729264842347.jpg\",\"contentUrl\":\"https:\\\/\\\/www.ushgotdf.shop\\\/argentoboom\\\/wp-content\\\/uploads\\\/2024\\\/10\\\/logo-redondo-arg-1-e1729264842347.jpg\",\"width\":120,\"height\":120,\"caption\":\"ArgentoBoom\"},\"image\":{\"@id\":\"https:\\\/\\\/www.ushgotdf.shop\\\/argentoboom\\\/#\\\/schema\\\/logo\\\/image\\\/\"}}]}<\/script>\n<!-- \/ Yoast SEO plugin. -->","yoast_head_json":{"title":"ArgentoBoom - Marketplace","description":"Una tienda multiproductos con novedades BOOM en tecnolog\u00eda, hogar, moda y m\u00e1s. Ofertas irresistibles y con env\u00edos a todo el pa\u00eds.","robots":{"index":"index","follow":"follow","max-snippet":"max-snippet:-1","max-image-preview":"max-image-preview:large","max-video-preview":"max-video-preview:-1"},"canonical":"https:\/\/www.ushgotdf.shop\/argentoboom\/","og_locale":"es_ES","og_type":"article","og_title":"ArgentoBoom - Marketplace","og_description":"Una tienda multiproductos con novedades BOOM en tecnolog\u00eda, hogar, moda y m\u00e1s. Ofertas irresistibles y con env\u00edos a todo el pa\u00eds.","og_url":"https:\/\/www.ushgotdf.shop\/argentoboom\/","og_site_name":"ArgentoBoom","article_modified_time":"2024-11-23T14:23:08+00:00","twitter_card":"summary_large_image","twitter_misc":{"Tiempo de lectura":"1 minuto"},"schema":{"@context":"https:\/\/schema.org","@graph":[{"@type":"WebPage","@id":"https:\/\/www.ushgotdf.shop\/argentoboom\/","url":"https:\/\/www.ushgotdf.shop\/argentoboom\/","name":"ArgentoBoom - Marketplace","isPartOf":{"@id":"https:\/\/www.ushgotdf.shop\/argentoboom\/#website"},"datePublished":"2024-10-19T16:05:41+00:00","dateModified":"2024-11-23T14:23:08+00:00","description":"Una tienda multiproductos con novedades BOOM en tecnolog\u00eda, hogar, moda y m\u00e1s. Ofertas irresistibles y con env\u00edos a todo el pa\u00eds.","breadcrumb":{"@id":"https:\/\/www.ushgotdf.shop\/argentoboom\/#breadcrumb"},"inLanguage":"es","potentialAction":[{"@type":"ReadAction","target":["https:\/\/www.ushgotdf.shop\/argentoboom\/"]}]},{"@type":"BreadcrumbList","@id":"https:\/\/www.ushgotdf.shop\/argentoboom\/#breadcrumb","itemListElement":[{"@type":"ListItem","position":1,"name":"Portada","item":"https:\/\/www.ushgotdf.shop\/argentoboom\/"},{"@type":"ListItem","position":2,"name":"ArgentoBoom &#8211; Marketplace"}]},{"@type":"WebSite","@id":"https:\/\/www.ushgotdf.shop\/argentoboom\/#website","url":"https:\/\/www.ushgotdf.shop\/argentoboom\/","name":"ArgentoBoom","description":"\u2728 &iexcl;Descubr&iacute; lo que est&aacute; haciendo BOOM en todo el pa&iacute;s! \u2728","publisher":{"@id":"https:\/\/www.ushgotdf.shop\/argentoboom\/#organization"},"potentialAction":[{"@type":"SearchAction","target":{"@type":"EntryPoint","urlTemplate":"https:\/\/www.ushgotdf.shop\/argentoboom\/?s={search_term_string}"},"query-input":{"@type":"PropertyValueSpecification","valueRequired":true,"valueName":"search_term_string"}}],"inLanguage":"es"},{"@type":"Organization","@id":"https:\/\/www.ushgotdf.shop\/argentoboom\/#organization","name":"ArgentoBoom","url":"https:\/\/www.ushgotdf.shop\/argentoboom\/","logo":{"@type":"ImageObject","inLanguage":"es","@id":"https:\/\/www.ushgotdf.shop\/argentoboom\/#\/schema\/logo\/image\/","url":"https:\/\/www.ushgotdf.shop\/argentoboom\/wp-content\/uploads\/2024\/10\/logo-redondo-arg-1-e1729264842347.jpg","contentUrl":"https:\/\/www.ushgotdf.shop\/argentoboom\/wp-content\/uploads\/2024\/10\/logo-redondo-arg-1-e1729264842347.jpg","width":120,"height":120,"caption":"ArgentoBoom"},"image":{"@id":"https:\/\/www.ushgotdf.shop\/argentoboom\/#\/schema\/logo\/image\/"}}]}},"uagb_featured_image_src":{"full":false,"thumbnail":false,"medium":false,"medium_large":false,"large":false,"1536x1536":false,"2048x2048":false,"woocommerce_archive_thumbnail":false,"woocommerce_thumbnail":false,"woocommerce_single":false,"woocommerce_gallery_thumbnail":false},"uagb_author_info":{"display_name":"admin","author_link":"https:\/\/www.ushgotdf.shop\/argentoboom\/author\/admin\/"},"uagb_comment_info":0,"uagb_excerpt":"ArgentoBoom es tu tienda multiproductos con las \u00faltimas novedades en tecnolog\u00eda, hogar, moda y m\u00e1s. Ofertas irresistibles y un nuevo Boom cada 24 hs. Tu mejor marketplace. \u00daltimos BOOMS en ArgentoBoom","_links":{"self":[{"href":"https:\/\/www.ushgotdf.shop\/argentoboom\/wp-json\/wp\/v2\/pages\/169","targetHints":{"allow":["GET"]}}],"collection":[{"href":"https:\/\/www.ushgotdf.shop\/argentoboom\/wp-json\/wp\/v2\/pages"}],"about":[{"href":"https:\/\/www.ushgotdf.shop\/argentoboom\/wp-json\/wp\/v2\/types\/page"}],"author":[{"embeddable":true,"href":"https:\/\/www.ushgotdf.shop\/argentoboom\/wp-json\/wp\/v2\/users\/1"}],"replies":[{"embeddable":true,"href":"https:\/\/www.ushgotdf.shop\/argentoboom\/wp-json\/wp\/v2\/comments?post=169"}],"version-history":[{"count":206,"href":"https:\/\/www.ushgotdf.shop\/argentoboom\/wp-json\/wp\/v2\/pages\/169\/revisions"}],"predecessor-version":[{"id":1050,"href":"https:\/\/www.ushgotdf.shop\/argentoboom\/wp-json\/wp\/v2\/pages\/169\/revisions\/1050"}],"wp:attachment":[{"href":"https:\/\/www.ushgotdf.shop\/argentoboom\/wp-json\/wp\/v2\/media?parent=169"}],"curies":[{"name":"wp","href":"https:\/\/api.w.org\/{rel}","templated":true}]}}