{"id":47,"date":"2024-10-17T16:07:15","date_gmt":"2024-10-17T19:07:15","guid":{"rendered":"http:\/\/www.ushgotdf.shop\/argentoboom\/?page_id=47"},"modified":"2024-10-22T19:44:39","modified_gmt":"2024-10-22T22:44:39","slug":"boom-hogareno","status":"publish","type":"page","link":"https:\/\/www.ushgotdf.shop\/argentoboom\/boom-hogareno\/","title":{"rendered":"Boom Hogare\u00f1o"},"content":{"rendered":"\n<p>Dale un toque especial a tu hogar con nuestra selecci\u00f3n de productos para el confort y la decoraci\u00f3n. Desde electrodom\u00e9sticos hasta art\u00edculos de dise\u00f1o, tenemos todo lo que necesitas para crear el espacio perfecto.<\/p>\n\n\n<div class=\"pt-cv-wrapper\"><div class=\"pt-cv-view pt-cv-grid pt-cv-colsys\" id=\"pt-cv-view-93f3b26fab\"><div data-id=\"pt-cv-page-1\" class=\"pt-cv-page\" data-cvc=\"3\"><div class=\"col-md-4 col-sm-12 col-xs-12 pt-cv-content-item pt-cv-1-col\" ><div class='pt-cv-ifield'><a href=\"https:\/\/www.ushgotdf.shop\/argentoboom\/mini-anafe-portatil\/\" class=\"_self pt-cv-href-thumbnail pt-cv-thumb-default\" target=\"_self\" ><img loading=\"lazy\" decoding=\"async\" width=\"300\" height=\"300\" src=\"https:\/\/www.ushgotdf.shop\/argentoboom\/wp-content\/uploads\/2024\/10\/g-anafe_9_-300x300.png\" class=\"pt-cv-thumbnail\" alt=\"\" srcset=\"https:\/\/www.ushgotdf.shop\/argentoboom\/wp-content\/uploads\/2024\/10\/g-anafe_9_-300x300.png 300w, https:\/\/www.ushgotdf.shop\/argentoboom\/wp-content\/uploads\/2024\/10\/g-anafe_9_-100x100.png 100w, https:\/\/www.ushgotdf.shop\/argentoboom\/wp-content\/uploads\/2024\/10\/g-anafe_9_-600x600.png 600w, https:\/\/www.ushgotdf.shop\/argentoboom\/wp-content\/uploads\/2024\/10\/g-anafe_9_-150x150.png 150w, https:\/\/www.ushgotdf.shop\/argentoboom\/wp-content\/uploads\/2024\/10\/g-anafe_9_.png 700w\" sizes=\"auto, (max-width: 300px) 100vw, 300px\" \/><\/a>\n<h4 class=\"pt-cv-title\"><a href=\"https:\/\/www.ushgotdf.shop\/argentoboom\/mini-anafe-portatil\/\" class=\"_self\" target=\"_self\" >Mini Anafe Port\u00e1til con Encendido El\u00e9ctrico: Tu Compa\u00f1ero Ideal para Cocinar en Cualquier Lugar<\/a><\/h4>\n<div class=\"pt-cv-content\">Cuando se trata de practicidad en la cocina, el Anafe Port\u00e1til con Encendido El\u00e9ctrico se lleva todos los elogios. Este ...<br \/><div class=\"pt-cv-rmwrap\"><a href=\"https:\/\/www.ushgotdf.shop\/argentoboom\/mini-anafe-portatil\/\" class=\"_self pt-cv-readmore btn btn-success\" target=\"_self\">Leer M\u00e1s<\/a><\/div><\/div><\/div><\/div>\n<div class=\"col-md-4 col-sm-12 col-xs-12 pt-cv-content-item pt-cv-1-col\" ><div class='pt-cv-ifield'><a href=\"https:\/\/www.ushgotdf.shop\/argentoboom\/soporte-desinfectante-uv-para-cepillos-de-dientes-elimina-bacterias-y-previene-enfermedades-bucales\/\" class=\"_self pt-cv-href-thumbnail pt-cv-thumb-default\" target=\"_self\" ><img loading=\"lazy\" decoding=\"async\" width=\"300\" height=\"300\" src=\"https:\/\/www.ushgotdf.shop\/argentoboom\/wp-content\/uploads\/2024\/10\/desinfectante-uv-3-300x300.png\" class=\"pt-cv-thumbnail\" alt=\"\" srcset=\"https:\/\/www.ushgotdf.shop\/argentoboom\/wp-content\/uploads\/2024\/10\/desinfectante-uv-3-300x300.png 300w, https:\/\/www.ushgotdf.shop\/argentoboom\/wp-content\/uploads\/2024\/10\/desinfectante-uv-3-150x150.png 150w, https:\/\/www.ushgotdf.shop\/argentoboom\/wp-content\/uploads\/2024\/10\/desinfectante-uv-3-600x600.png 600w, https:\/\/www.ushgotdf.shop\/argentoboom\/wp-content\/uploads\/2024\/10\/desinfectante-uv-3-100x100.png 100w, https:\/\/www.ushgotdf.shop\/argentoboom\/wp-content\/uploads\/2024\/10\/desinfectante-uv-3.png 700w\" sizes=\"auto, (max-width: 300px) 100vw, 300px\" \/><\/a>\n<h4 class=\"pt-cv-title\"><a href=\"https:\/\/www.ushgotdf.shop\/argentoboom\/soporte-desinfectante-uv-para-cepillos-de-dientes-elimina-bacterias-y-previene-enfermedades-bucales\/\" class=\"_self\" target=\"_self\" >Soporte Desinfectante UV para Cepillos de Dientes &#8211; Elimina Bacterias y Previene Enfermedades Bucales<\/a><\/h4>\n<div class=\"pt-cv-content\">Transforma tu higiene bucal con el Soporte Desinfectante UV para Cepillos de Dientes. Ideal para eliminar bacterias y prevenir enfermedades ...<br \/><div class=\"pt-cv-rmwrap\"><a href=\"https:\/\/www.ushgotdf.shop\/argentoboom\/soporte-desinfectante-uv-para-cepillos-de-dientes-elimina-bacterias-y-previene-enfermedades-bucales\/\" class=\"_self pt-cv-readmore btn btn-success\" target=\"_self\">Leer M\u00e1s<\/a><\/div><\/div><\/div><\/div><\/div><\/div><\/div>\n","protected":false},"excerpt":{"rendered":"<p>Dale un toque especial a tu hogar con nuestra selecci\u00f3n de productos para el confort y la decoraci\u00f3n. Desde electrodom\u00e9sticos hasta art\u00edculos de dise\u00f1o, tenemos todo lo que necesitas para crear el espacio perfecto.<\/p>\n","protected":false},"author":1,"featured_media":108,"parent":0,"menu_order":0,"comment_status":"closed","ping_status":"closed","template":"","meta":{"_uag_custom_page_level_css":"","footnotes":""},"class_list":["post-47","page","type-page","status-publish","has-post-thumbnail","hentry"],"blocksy_meta":[],"yoast_head":"<!-- This site is optimized with the Yoast SEO plugin v27.5 - https:\/\/yoast.com\/product\/yoast-seo-wordpress\/ -->\n<title>Boom Hogare\u00f1o<\/title>\n<meta name=\"description\" content=\"Dale un toque especial a tu hogar con nuestra selecci\u00f3n de productos para el confort y la decoraci\u00f3n. Desde electrodom\u00e9sticos hasta art\u00edculos de dise\u00f1o,\" \/>\n<meta name=\"robots\" content=\"index, follow, max-snippet:-1, max-image-preview:large, max-video-preview:-1\" \/>\n<link rel=\"canonical\" href=\"https:\/\/www.ushgotdf.shop\/argentoboom\/boom-hogareno\/\" \/>\n<meta property=\"og:locale\" content=\"es_ES\" \/>\n<meta property=\"og:type\" content=\"article\" \/>\n<meta property=\"og:title\" content=\"Boom Hogare\u00f1o\" \/>\n<meta property=\"og:description\" content=\"Dale un toque especial a tu hogar con nuestra selecci\u00f3n de productos para el confort y la decoraci\u00f3n. Desde electrodom\u00e9sticos hasta art\u00edculos de dise\u00f1o,\" \/>\n<meta property=\"og:url\" content=\"https:\/\/www.ushgotdf.shop\/argentoboom\/boom-hogareno\/\" \/>\n<meta property=\"og:site_name\" content=\"ArgentoBoom\" \/>\n<meta property=\"article:modified_time\" content=\"2024-10-22T22:44:39+00:00\" \/>\n<meta property=\"og:image\" content=\"https:\/\/www.ushgotdf.shop\/argentoboom\/wp-content\/uploads\/2024\/10\/deco.jpg\" \/>\n\t<meta property=\"og:image:width\" content=\"500\" \/>\n\t<meta property=\"og:image:height\" content=\"399\" \/>\n\t<meta property=\"og:image:type\" content=\"image\/jpeg\" \/>\n<meta name=\"twitter:card\" content=\"summary_large_image\" \/>\n<meta name=\"twitter:label1\" content=\"Tiempo de lectura\" \/>\n\t<meta name=\"twitter:data1\" content=\"1 minuto\" \/>\n<script type=\"application\/ld+json\" class=\"yoast-schema-graph\">{\"@context\":\"https:\\\/\\\/schema.org\",\"@graph\":[{\"@type\":\"WebPage\",\"@id\":\"https:\\\/\\\/www.ushgotdf.shop\\\/argentoboom\\\/boom-hogareno\\\/\",\"url\":\"https:\\\/\\\/www.ushgotdf.shop\\\/argentoboom\\\/boom-hogareno\\\/\",\"name\":\"Boom Hogare\u00f1o\",\"isPartOf\":{\"@id\":\"https:\\\/\\\/www.ushgotdf.shop\\\/argentoboom\\\/#website\"},\"primaryImageOfPage\":{\"@id\":\"https:\\\/\\\/www.ushgotdf.shop\\\/argentoboom\\\/boom-hogareno\\\/#primaryimage\"},\"image\":{\"@id\":\"https:\\\/\\\/www.ushgotdf.shop\\\/argentoboom\\\/boom-hogareno\\\/#primaryimage\"},\"thumbnailUrl\":\"https:\\\/\\\/www.ushgotdf.shop\\\/argentoboom\\\/wp-content\\\/uploads\\\/2024\\\/10\\\/deco.jpg\",\"datePublished\":\"2024-10-17T19:07:15+00:00\",\"dateModified\":\"2024-10-22T22:44:39+00:00\",\"description\":\"Dale un toque especial a tu hogar con nuestra selecci\u00f3n de productos para el confort y la decoraci\u00f3n. Desde electrodom\u00e9sticos hasta art\u00edculos de dise\u00f1o,\",\"breadcrumb\":{\"@id\":\"https:\\\/\\\/www.ushgotdf.shop\\\/argentoboom\\\/boom-hogareno\\\/#breadcrumb\"},\"inLanguage\":\"es\",\"potentialAction\":[{\"@type\":\"ReadAction\",\"target\":[\"https:\\\/\\\/www.ushgotdf.shop\\\/argentoboom\\\/boom-hogareno\\\/\"]}]},{\"@type\":\"ImageObject\",\"inLanguage\":\"es\",\"@id\":\"https:\\\/\\\/www.ushgotdf.shop\\\/argentoboom\\\/boom-hogareno\\\/#primaryimage\",\"url\":\"https:\\\/\\\/www.ushgotdf.shop\\\/argentoboom\\\/wp-content\\\/uploads\\\/2024\\\/10\\\/deco.jpg\",\"contentUrl\":\"https:\\\/\\\/www.ushgotdf.shop\\\/argentoboom\\\/wp-content\\\/uploads\\\/2024\\\/10\\\/deco.jpg\",\"width\":500,\"height\":399},{\"@type\":\"BreadcrumbList\",\"@id\":\"https:\\\/\\\/www.ushgotdf.shop\\\/argentoboom\\\/boom-hogareno\\\/#breadcrumb\",\"itemListElement\":[{\"@type\":\"ListItem\",\"position\":1,\"name\":\"Portada\",\"item\":\"https:\\\/\\\/www.ushgotdf.shop\\\/argentoboom\\\/\"},{\"@type\":\"ListItem\",\"position\":2,\"name\":\"Boom Hogare\u00f1o\"}]},{\"@type\":\"WebSite\",\"@id\":\"https:\\\/\\\/www.ushgotdf.shop\\\/argentoboom\\\/#website\",\"url\":\"https:\\\/\\\/www.ushgotdf.shop\\\/argentoboom\\\/\",\"name\":\"ArgentoBoom\",\"description\":\"\u2728 &iexcl;Descubr&iacute; lo que est&aacute; haciendo BOOM en todo el pa&iacute;s! \u2728\",\"publisher\":{\"@id\":\"https:\\\/\\\/www.ushgotdf.shop\\\/argentoboom\\\/#organization\"},\"potentialAction\":[{\"@type\":\"SearchAction\",\"target\":{\"@type\":\"EntryPoint\",\"urlTemplate\":\"https:\\\/\\\/www.ushgotdf.shop\\\/argentoboom\\\/?s={search_term_string}\"},\"query-input\":{\"@type\":\"PropertyValueSpecification\",\"valueRequired\":true,\"valueName\":\"search_term_string\"}}],\"inLanguage\":\"es\"},{\"@type\":\"Organization\",\"@id\":\"https:\\\/\\\/www.ushgotdf.shop\\\/argentoboom\\\/#organization\",\"name\":\"ArgentoBoom\",\"url\":\"https:\\\/\\\/www.ushgotdf.shop\\\/argentoboom\\\/\",\"logo\":{\"@type\":\"ImageObject\",\"inLanguage\":\"es\",\"@id\":\"https:\\\/\\\/www.ushgotdf.shop\\\/argentoboom\\\/#\\\/schema\\\/logo\\\/image\\\/\",\"url\":\"https:\\\/\\\/www.ushgotdf.shop\\\/argentoboom\\\/wp-content\\\/uploads\\\/2024\\\/10\\\/logo-redondo-arg-1-e1729264842347.jpg\",\"contentUrl\":\"https:\\\/\\\/www.ushgotdf.shop\\\/argentoboom\\\/wp-content\\\/uploads\\\/2024\\\/10\\\/logo-redondo-arg-1-e1729264842347.jpg\",\"width\":120,\"height\":120,\"caption\":\"ArgentoBoom\"},\"image\":{\"@id\":\"https:\\\/\\\/www.ushgotdf.shop\\\/argentoboom\\\/#\\\/schema\\\/logo\\\/image\\\/\"}}]}<\/script>\n<!-- \/ Yoast SEO plugin. -->","yoast_head_json":{"title":"Boom Hogare\u00f1o","description":"Dale un toque especial a tu hogar con nuestra selecci\u00f3n de productos para el confort y la decoraci\u00f3n. Desde electrodom\u00e9sticos hasta art\u00edculos de dise\u00f1o,","robots":{"index":"index","follow":"follow","max-snippet":"max-snippet:-1","max-image-preview":"max-image-preview:large","max-video-preview":"max-video-preview:-1"},"canonical":"https:\/\/www.ushgotdf.shop\/argentoboom\/boom-hogareno\/","og_locale":"es_ES","og_type":"article","og_title":"Boom Hogare\u00f1o","og_description":"Dale un toque especial a tu hogar con nuestra selecci\u00f3n de productos para el confort y la decoraci\u00f3n. Desde electrodom\u00e9sticos hasta art\u00edculos de dise\u00f1o,","og_url":"https:\/\/www.ushgotdf.shop\/argentoboom\/boom-hogareno\/","og_site_name":"ArgentoBoom","article_modified_time":"2024-10-22T22:44:39+00:00","og_image":[{"width":500,"height":399,"url":"https:\/\/www.ushgotdf.shop\/argentoboom\/wp-content\/uploads\/2024\/10\/deco.jpg","type":"image\/jpeg"}],"twitter_card":"summary_large_image","twitter_misc":{"Tiempo de lectura":"1 minuto"},"schema":{"@context":"https:\/\/schema.org","@graph":[{"@type":"WebPage","@id":"https:\/\/www.ushgotdf.shop\/argentoboom\/boom-hogareno\/","url":"https:\/\/www.ushgotdf.shop\/argentoboom\/boom-hogareno\/","name":"Boom Hogare\u00f1o","isPartOf":{"@id":"https:\/\/www.ushgotdf.shop\/argentoboom\/#website"},"primaryImageOfPage":{"@id":"https:\/\/www.ushgotdf.shop\/argentoboom\/boom-hogareno\/#primaryimage"},"image":{"@id":"https:\/\/www.ushgotdf.shop\/argentoboom\/boom-hogareno\/#primaryimage"},"thumbnailUrl":"https:\/\/www.ushgotdf.shop\/argentoboom\/wp-content\/uploads\/2024\/10\/deco.jpg","datePublished":"2024-10-17T19:07:15+00:00","dateModified":"2024-10-22T22:44:39+00:00","description":"Dale un toque especial a tu hogar con nuestra selecci\u00f3n de productos para el confort y la decoraci\u00f3n. Desde electrodom\u00e9sticos hasta art\u00edculos de dise\u00f1o,","breadcrumb":{"@id":"https:\/\/www.ushgotdf.shop\/argentoboom\/boom-hogareno\/#breadcrumb"},"inLanguage":"es","potentialAction":[{"@type":"ReadAction","target":["https:\/\/www.ushgotdf.shop\/argentoboom\/boom-hogareno\/"]}]},{"@type":"ImageObject","inLanguage":"es","@id":"https:\/\/www.ushgotdf.shop\/argentoboom\/boom-hogareno\/#primaryimage","url":"https:\/\/www.ushgotdf.shop\/argentoboom\/wp-content\/uploads\/2024\/10\/deco.jpg","contentUrl":"https:\/\/www.ushgotdf.shop\/argentoboom\/wp-content\/uploads\/2024\/10\/deco.jpg","width":500,"height":399},{"@type":"BreadcrumbList","@id":"https:\/\/www.ushgotdf.shop\/argentoboom\/boom-hogareno\/#breadcrumb","itemListElement":[{"@type":"ListItem","position":1,"name":"Portada","item":"https:\/\/www.ushgotdf.shop\/argentoboom\/"},{"@type":"ListItem","position":2,"name":"Boom Hogare\u00f1o"}]},{"@type":"WebSite","@id":"https:\/\/www.ushgotdf.shop\/argentoboom\/#website","url":"https:\/\/www.ushgotdf.shop\/argentoboom\/","name":"ArgentoBoom","description":"\u2728 &iexcl;Descubr&iacute; lo que est&aacute; haciendo BOOM en todo el pa&iacute;s! \u2728","publisher":{"@id":"https:\/\/www.ushgotdf.shop\/argentoboom\/#organization"},"potentialAction":[{"@type":"SearchAction","target":{"@type":"EntryPoint","urlTemplate":"https:\/\/www.ushgotdf.shop\/argentoboom\/?s={search_term_string}"},"query-input":{"@type":"PropertyValueSpecification","valueRequired":true,"valueName":"search_term_string"}}],"inLanguage":"es"},{"@type":"Organization","@id":"https:\/\/www.ushgotdf.shop\/argentoboom\/#organization","name":"ArgentoBoom","url":"https:\/\/www.ushgotdf.shop\/argentoboom\/","logo":{"@type":"ImageObject","inLanguage":"es","@id":"https:\/\/www.ushgotdf.shop\/argentoboom\/#\/schema\/logo\/image\/","url":"https:\/\/www.ushgotdf.shop\/argentoboom\/wp-content\/uploads\/2024\/10\/logo-redondo-arg-1-e1729264842347.jpg","contentUrl":"https:\/\/www.ushgotdf.shop\/argentoboom\/wp-content\/uploads\/2024\/10\/logo-redondo-arg-1-e1729264842347.jpg","width":120,"height":120,"caption":"ArgentoBoom"},"image":{"@id":"https:\/\/www.ushgotdf.shop\/argentoboom\/#\/schema\/logo\/image\/"}}]}},"uagb_featured_image_src":{"full":["https:\/\/www.ushgotdf.shop\/argentoboom\/wp-content\/uploads\/2024\/10\/deco.jpg",500,399,false],"thumbnail":["https:\/\/www.ushgotdf.shop\/argentoboom\/wp-content\/uploads\/2024\/10\/deco-150x150.jpg",150,150,true],"medium":["https:\/\/www.ushgotdf.shop\/argentoboom\/wp-content\/uploads\/2024\/10\/deco-300x239.jpg",300,239,true],"medium_large":["https:\/\/www.ushgotdf.shop\/argentoboom\/wp-content\/uploads\/2024\/10\/deco.jpg",500,399,false],"large":["https:\/\/www.ushgotdf.shop\/argentoboom\/wp-content\/uploads\/2024\/10\/deco.jpg",500,399,false],"1536x1536":["https:\/\/www.ushgotdf.shop\/argentoboom\/wp-content\/uploads\/2024\/10\/deco.jpg",500,399,false],"2048x2048":["https:\/\/www.ushgotdf.shop\/argentoboom\/wp-content\/uploads\/2024\/10\/deco.jpg",500,399,false],"woocommerce_archive_thumbnail":["https:\/\/www.ushgotdf.shop\/argentoboom\/wp-content\/uploads\/2024\/10\/deco-300x300.jpg",300,300,true],"woocommerce_thumbnail":["https:\/\/www.ushgotdf.shop\/argentoboom\/wp-content\/uploads\/2024\/10\/deco-300x300.jpg",300,300,true],"woocommerce_single":["https:\/\/www.ushgotdf.shop\/argentoboom\/wp-content\/uploads\/2024\/10\/deco.jpg",500,399,false],"woocommerce_gallery_thumbnail":["https:\/\/www.ushgotdf.shop\/argentoboom\/wp-content\/uploads\/2024\/10\/deco-100x100.jpg",100,100,true]},"uagb_author_info":{"display_name":"admin","author_link":"https:\/\/www.ushgotdf.shop\/argentoboom\/author\/admin\/"},"uagb_comment_info":0,"uagb_excerpt":"Dale un toque especial a tu hogar con nuestra selecci\u00f3n de productos para el confort y la decoraci\u00f3n. Desde electrodom\u00e9sticos hasta art\u00edculos de dise\u00f1o, tenemos todo lo que necesitas para crear el espacio perfecto.","_links":{"self":[{"href":"https:\/\/www.ushgotdf.shop\/argentoboom\/wp-json\/wp\/v2\/pages\/47","targetHints":{"allow":["GET"]}}],"collection":[{"href":"https:\/\/www.ushgotdf.shop\/argentoboom\/wp-json\/wp\/v2\/pages"}],"about":[{"href":"https:\/\/www.ushgotdf.shop\/argentoboom\/wp-json\/wp\/v2\/types\/page"}],"author":[{"embeddable":true,"href":"https:\/\/www.ushgotdf.shop\/argentoboom\/wp-json\/wp\/v2\/users\/1"}],"replies":[{"embeddable":true,"href":"https:\/\/www.ushgotdf.shop\/argentoboom\/wp-json\/wp\/v2\/comments?post=47"}],"version-history":[{"count":2,"href":"https:\/\/www.ushgotdf.shop\/argentoboom\/wp-json\/wp\/v2\/pages\/47\/revisions"}],"predecessor-version":[{"id":96,"href":"https:\/\/www.ushgotdf.shop\/argentoboom\/wp-json\/wp\/v2\/pages\/47\/revisions\/96"}],"wp:featuredmedia":[{"embeddable":true,"href":"https:\/\/www.ushgotdf.shop\/argentoboom\/wp-json\/wp\/v2\/media\/108"}],"wp:attachment":[{"href":"https:\/\/www.ushgotdf.shop\/argentoboom\/wp-json\/wp\/v2\/media?parent=47"}],"curies":[{"name":"wp","href":"https:\/\/api.w.org\/{rel}","templated":true}]}}