{"id":669,"date":"2024-10-30T09:43:41","date_gmt":"2024-10-30T12:43:41","guid":{"rendered":"https:\/\/www.ushgotdf.shop\/argentoboom\/?page_id=669"},"modified":"2025-08-27T22:37:06","modified_gmt":"2025-08-28T01:37:06","slug":"envios","status":"publish","type":"page","link":"https:\/\/www.ushgotdf.shop\/argentoboom\/envios\/","title":{"rendered":"Env\u00edos"},"content":{"rendered":"<p><!DOCTYPE html><br \/>\n<html lang=\"es\"><br \/>\n<head><br \/>\n    <meta charset=\"UTF-8\"><br \/>\n    <meta name=\"viewport\" content=\"width=device-width, initial-scale=1.0\"><br \/>\n    <title>Acerca de Env\u00edos<\/title><\/p>\n<style>\n        body {\n            font-family: Arial, sans-serif;\n            margin: 20px;\n            background-color: #f9f9f9;\n        }\n        h2 {\n            text-align: center;\n            margin-bottom: 20px;\n        }\n        .faq-list {\n            max-width: 800px;\n            margin: 0 auto;\n        }\n        .faq-title {\n            margin: 10px 0;\n            padding: 10px;\n            background-color: #e0e0e0; \/* Color de fondo para el t\u00edtulo *\/\n            border: 1px solid #ccc; \/* Borde del t\u00edtulo *\/\n            border-radius: 5px; \/* Esquinas redondeadas *\/\n        }\n        .respuesta {\n            padding: 10px;\n            border: 1px solid #ccc; \/* Borde de la respuesta *\/\n            border-radius: 5px; \/* Esquinas redondeadas *\/\n            background-color: #fff; \/* Fondo blanco para la respuesta *\/\n            margin-bottom: 10px; \/* Espaciado entre respuestas *\/\n        }\n        img {\n            max-width: 100%; \/* Hace que la imagen se ajuste al contenedor *\/\n            height: auto; \/* Mantiene la proporci\u00f3n de la imagen *\/\n        }\n    <\/style>\n<p><\/head><br \/>\n<body><\/p>\n<h2>ACERCA DE ENVIOS<\/h2>\n<div class=\"faq-list\">\n<div class=\"panel faq-question\">\n<div class=\"faq-title\">\u00bfDe d\u00f3nde salen los paquetes?<\/div>\n<div class=\"respuesta\">\n<p class=\"answer\">Todos los paquetes salen desde la Ciudad de Resistencia &#8211; Chaco.<\/p>\n<\/p><\/div>\n<\/p><\/div>\n<div class=\"panel faq-question\">\n<div class=\"faq-title\">\u00bfHasta d\u00f3nde llegan?<\/div>\n<div class=\"respuesta\">\n<p class=\"answer\">Los env\u00edos llegan a toda la Rep\u00fablica Argentina.<\/p>\n<\/p><\/div>\n<\/p><\/div>\n<div class=\"panel faq-question\">\n<div class=\"faq-title\">\u00bfQu\u00e9 log\u00edstica utilizan para los env\u00edos?<\/div>\n<div class=\"respuesta\">\n<p class=\"answer\">Para los env\u00edos utilizamos VIA CARGO, en su p\u00e1gina pod\u00e9s calcular el costo.<\/p>\n<\/p><\/div>\n<\/p><\/div>\n<div class=\"panel faq-question\">\n<div class=\"faq-title\">\u00bfQu\u00e9 demora tienen los env\u00edos?<\/div>\n<div class=\"respuesta\">\n<p class=\"answer\">\ud83d\udce6 Los env\u00edos los realizamos a trav\u00e9s de VIACARGO.<br \/>\n\u23f1\ufe0f Los tiempos de entrega suelen ser:<\/p>\n<p>Dentro de la misma provincia: entre 24 y 48 hs h\u00e1biles.<\/p>\n<p>Regiones cercanas: de 2 a 4 d\u00edas h\u00e1biles.<\/p>\n<p>Env\u00edos a larga distancia (ej: Patagonia o Norte): de 4 a 6 d\u00edas h\u00e1biles, dependiendo de la localidad.<\/p>\n<p>Siempre te pasamos tu n\u00famero de gu\u00eda para que puedas seguir el paquete en la web de VIACARGO \u2705.<\/p>\n<p>Puedes verificar en su WEB la Sucursal mas cercana.<\/p>\n<\/p><\/div>\n<\/p><\/div>\n<div class=\"panel faq-question\">\n<div class=\"faq-title\">\u00bfQu\u00e9 valores tienen los env\u00edos, son variables o de tarifa plana?<\/div>\n<div class=\"respuesta\">\n<p class=\"answer\">El costo del env\u00edo con V\u00eda Cargo depende del origen, destino, peso y tipo de servicio. Pod\u00e9s cotizarlo al instante en su web ingresando esos datos.\n                <\/p>\n<\/p><\/div>\n<\/p><\/div>\n<div class=\"panel faq-question\">\n<div class=\"faq-title\">\u00bfQu\u00e9 pasa si un paquete no es entregado y vuelve al dep\u00f3sito?<\/div>\n<div class=\"respuesta\">\n<p class=\"answer\">Si por alguna raz\u00f3n la compra no llega a destino y vuelve a nuestro dep\u00f3sito, se anula la compra y se realiza la correspondiente devoluci\u00f3n total de dinero.<\/p>\n<\/p><\/div>\n<\/p><\/div>\n<\/p><\/div>\n<p><\/body><br \/>\n<\/html><\/p>\n","protected":false},"excerpt":{"rendered":"<p>Acerca de Env\u00edos ACERCA DE ENVIOS \u00bfDe d\u00f3nde salen los paquetes? Todos los paquetes salen desde la Ciudad de Resistencia &#8211; Chaco. \u00bfHasta d\u00f3nde llegan? Los env\u00edos llegan a toda la Rep\u00fablica Argentina. \u00bfQu\u00e9 log\u00edstica utilizan para los env\u00edos? Para los env\u00edos utilizamos VIA CARGO, en su p\u00e1gina pod\u00e9s calcular el costo. \u00bfQu\u00e9 demora tienen [&hellip;]<\/p>\n","protected":false},"author":1,"featured_media":0,"parent":0,"menu_order":0,"comment_status":"closed","ping_status":"closed","template":"","meta":{"_uag_custom_page_level_css":"","footnotes":""},"class_list":["post-669","page","type-page","status-publish","hentry"],"blocksy_meta":{"has_hero_section":"disabled","styles_descriptor":{"styles":{"desktop":"","tablet":"","mobile":""},"google_fonts":[],"version":6}},"yoast_head":"<!-- This site is optimized with the Yoast SEO plugin v27.5 - https:\/\/yoast.com\/product\/yoast-seo-wordpress\/ -->\n<title>Env\u00edos<\/title>\n<meta name=\"description\" content=\"Todo lo que necesitas saber acerca de los env\u00edos, tenemos la log\u00edstica necesaria para cumplir con lo est\u00e1ndares requeridos.\" \/>\n<meta name=\"robots\" content=\"noindex, nofollow\" \/>\n<meta property=\"og:locale\" content=\"es_ES\" \/>\n<meta property=\"og:type\" content=\"article\" \/>\n<meta property=\"og:title\" content=\"Env\u00edos\" \/>\n<meta property=\"og:description\" content=\"Todo lo que necesitas saber acerca de los env\u00edos, tenemos la log\u00edstica necesaria para cumplir con lo est\u00e1ndares requeridos.\" \/>\n<meta property=\"og:url\" content=\"https:\/\/www.ushgotdf.shop\/argentoboom\/envios\/\" \/>\n<meta property=\"og:site_name\" content=\"ArgentoBoom\" \/>\n<meta property=\"article:modified_time\" content=\"2025-08-28T01:37:06+00:00\" \/>\n<meta name=\"twitter:card\" content=\"summary_large_image\" \/>\n<meta name=\"twitter:label1\" content=\"Tiempo de lectura\" \/>\n\t<meta name=\"twitter:data1\" content=\"1 minuto\" \/>\n<script type=\"application\/ld+json\" class=\"yoast-schema-graph\">{\"@context\":\"https:\\\/\\\/schema.org\",\"@graph\":[{\"@type\":\"WebPage\",\"@id\":\"https:\\\/\\\/www.ushgotdf.shop\\\/argentoboom\\\/envios\\\/\",\"url\":\"https:\\\/\\\/www.ushgotdf.shop\\\/argentoboom\\\/envios\\\/\",\"name\":\"Env\u00edos\",\"isPartOf\":{\"@id\":\"https:\\\/\\\/www.ushgotdf.shop\\\/argentoboom\\\/#website\"},\"datePublished\":\"2024-10-30T12:43:41+00:00\",\"dateModified\":\"2025-08-28T01:37:06+00:00\",\"description\":\"Todo lo que necesitas saber acerca de los env\u00edos, tenemos la log\u00edstica necesaria para cumplir con lo est\u00e1ndares requeridos.\",\"breadcrumb\":{\"@id\":\"https:\\\/\\\/www.ushgotdf.shop\\\/argentoboom\\\/envios\\\/#breadcrumb\"},\"inLanguage\":\"es\",\"potentialAction\":[{\"@type\":\"ReadAction\",\"target\":[\"https:\\\/\\\/www.ushgotdf.shop\\\/argentoboom\\\/envios\\\/\"]}]},{\"@type\":\"BreadcrumbList\",\"@id\":\"https:\\\/\\\/www.ushgotdf.shop\\\/argentoboom\\\/envios\\\/#breadcrumb\",\"itemListElement\":[{\"@type\":\"ListItem\",\"position\":1,\"name\":\"Portada\",\"item\":\"https:\\\/\\\/www.ushgotdf.shop\\\/argentoboom\\\/\"},{\"@type\":\"ListItem\",\"position\":2,\"name\":\"Env\u00edos\"}]},{\"@type\":\"WebSite\",\"@id\":\"https:\\\/\\\/www.ushgotdf.shop\\\/argentoboom\\\/#website\",\"url\":\"https:\\\/\\\/www.ushgotdf.shop\\\/argentoboom\\\/\",\"name\":\"ArgentoBoom\",\"description\":\"\u2728 &iexcl;Descubr&iacute; lo que est&aacute; haciendo BOOM en todo el pa&iacute;s! \u2728\",\"publisher\":{\"@id\":\"https:\\\/\\\/www.ushgotdf.shop\\\/argentoboom\\\/#organization\"},\"potentialAction\":[{\"@type\":\"SearchAction\",\"target\":{\"@type\":\"EntryPoint\",\"urlTemplate\":\"https:\\\/\\\/www.ushgotdf.shop\\\/argentoboom\\\/?s={search_term_string}\"},\"query-input\":{\"@type\":\"PropertyValueSpecification\",\"valueRequired\":true,\"valueName\":\"search_term_string\"}}],\"inLanguage\":\"es\"},{\"@type\":\"Organization\",\"@id\":\"https:\\\/\\\/www.ushgotdf.shop\\\/argentoboom\\\/#organization\",\"name\":\"ArgentoBoom\",\"url\":\"https:\\\/\\\/www.ushgotdf.shop\\\/argentoboom\\\/\",\"logo\":{\"@type\":\"ImageObject\",\"inLanguage\":\"es\",\"@id\":\"https:\\\/\\\/www.ushgotdf.shop\\\/argentoboom\\\/#\\\/schema\\\/logo\\\/image\\\/\",\"url\":\"https:\\\/\\\/www.ushgotdf.shop\\\/argentoboom\\\/wp-content\\\/uploads\\\/2024\\\/10\\\/logo-redondo-arg-1-e1729264842347.jpg\",\"contentUrl\":\"https:\\\/\\\/www.ushgotdf.shop\\\/argentoboom\\\/wp-content\\\/uploads\\\/2024\\\/10\\\/logo-redondo-arg-1-e1729264842347.jpg\",\"width\":120,\"height\":120,\"caption\":\"ArgentoBoom\"},\"image\":{\"@id\":\"https:\\\/\\\/www.ushgotdf.shop\\\/argentoboom\\\/#\\\/schema\\\/logo\\\/image\\\/\"}}]}<\/script>\n<!-- \/ Yoast SEO plugin. -->","yoast_head_json":{"title":"Env\u00edos","description":"Todo lo que necesitas saber acerca de los env\u00edos, tenemos la log\u00edstica necesaria para cumplir con lo est\u00e1ndares requeridos.","robots":{"index":"noindex","follow":"nofollow"},"og_locale":"es_ES","og_type":"article","og_title":"Env\u00edos","og_description":"Todo lo que necesitas saber acerca de los env\u00edos, tenemos la log\u00edstica necesaria para cumplir con lo est\u00e1ndares requeridos.","og_url":"https:\/\/www.ushgotdf.shop\/argentoboom\/envios\/","og_site_name":"ArgentoBoom","article_modified_time":"2025-08-28T01:37:06+00:00","twitter_card":"summary_large_image","twitter_misc":{"Tiempo de lectura":"1 minuto"},"schema":{"@context":"https:\/\/schema.org","@graph":[{"@type":"WebPage","@id":"https:\/\/www.ushgotdf.shop\/argentoboom\/envios\/","url":"https:\/\/www.ushgotdf.shop\/argentoboom\/envios\/","name":"Env\u00edos","isPartOf":{"@id":"https:\/\/www.ushgotdf.shop\/argentoboom\/#website"},"datePublished":"2024-10-30T12:43:41+00:00","dateModified":"2025-08-28T01:37:06+00:00","description":"Todo lo que necesitas saber acerca de los env\u00edos, tenemos la log\u00edstica necesaria para cumplir con lo est\u00e1ndares requeridos.","breadcrumb":{"@id":"https:\/\/www.ushgotdf.shop\/argentoboom\/envios\/#breadcrumb"},"inLanguage":"es","potentialAction":[{"@type":"ReadAction","target":["https:\/\/www.ushgotdf.shop\/argentoboom\/envios\/"]}]},{"@type":"BreadcrumbList","@id":"https:\/\/www.ushgotdf.shop\/argentoboom\/envios\/#breadcrumb","itemListElement":[{"@type":"ListItem","position":1,"name":"Portada","item":"https:\/\/www.ushgotdf.shop\/argentoboom\/"},{"@type":"ListItem","position":2,"name":"Env\u00edos"}]},{"@type":"WebSite","@id":"https:\/\/www.ushgotdf.shop\/argentoboom\/#website","url":"https:\/\/www.ushgotdf.shop\/argentoboom\/","name":"ArgentoBoom","description":"\u2728 &iexcl;Descubr&iacute; lo que est&aacute; haciendo BOOM en todo el pa&iacute;s! \u2728","publisher":{"@id":"https:\/\/www.ushgotdf.shop\/argentoboom\/#organization"},"potentialAction":[{"@type":"SearchAction","target":{"@type":"EntryPoint","urlTemplate":"https:\/\/www.ushgotdf.shop\/argentoboom\/?s={search_term_string}"},"query-input":{"@type":"PropertyValueSpecification","valueRequired":true,"valueName":"search_term_string"}}],"inLanguage":"es"},{"@type":"Organization","@id":"https:\/\/www.ushgotdf.shop\/argentoboom\/#organization","name":"ArgentoBoom","url":"https:\/\/www.ushgotdf.shop\/argentoboom\/","logo":{"@type":"ImageObject","inLanguage":"es","@id":"https:\/\/www.ushgotdf.shop\/argentoboom\/#\/schema\/logo\/image\/","url":"https:\/\/www.ushgotdf.shop\/argentoboom\/wp-content\/uploads\/2024\/10\/logo-redondo-arg-1-e1729264842347.jpg","contentUrl":"https:\/\/www.ushgotdf.shop\/argentoboom\/wp-content\/uploads\/2024\/10\/logo-redondo-arg-1-e1729264842347.jpg","width":120,"height":120,"caption":"ArgentoBoom"},"image":{"@id":"https:\/\/www.ushgotdf.shop\/argentoboom\/#\/schema\/logo\/image\/"}}]}},"uagb_featured_image_src":{"full":false,"thumbnail":false,"medium":false,"medium_large":false,"large":false,"1536x1536":false,"2048x2048":false,"woocommerce_archive_thumbnail":false,"woocommerce_thumbnail":false,"woocommerce_single":false,"woocommerce_gallery_thumbnail":false},"uagb_author_info":{"display_name":"admin","author_link":"https:\/\/www.ushgotdf.shop\/argentoboom\/author\/admin\/"},"uagb_comment_info":0,"uagb_excerpt":"Acerca de Env\u00edos ACERCA DE ENVIOS \u00bfDe d\u00f3nde salen los paquetes? Todos los paquetes salen desde la Ciudad de Resistencia &#8211; Chaco. \u00bfHasta d\u00f3nde llegan? Los env\u00edos llegan a toda la Rep\u00fablica Argentina. \u00bfQu\u00e9 log\u00edstica utilizan para los env\u00edos? Para los env\u00edos utilizamos VIA CARGO, en su p\u00e1gina pod\u00e9s calcular el costo. \u00bfQu\u00e9 demora tienen&hellip;","_links":{"self":[{"href":"https:\/\/www.ushgotdf.shop\/argentoboom\/wp-json\/wp\/v2\/pages\/669","targetHints":{"allow":["GET"]}}],"collection":[{"href":"https:\/\/www.ushgotdf.shop\/argentoboom\/wp-json\/wp\/v2\/pages"}],"about":[{"href":"https:\/\/www.ushgotdf.shop\/argentoboom\/wp-json\/wp\/v2\/types\/page"}],"author":[{"embeddable":true,"href":"https:\/\/www.ushgotdf.shop\/argentoboom\/wp-json\/wp\/v2\/users\/1"}],"replies":[{"embeddable":true,"href":"https:\/\/www.ushgotdf.shop\/argentoboom\/wp-json\/wp\/v2\/comments?post=669"}],"version-history":[{"count":9,"href":"https:\/\/www.ushgotdf.shop\/argentoboom\/wp-json\/wp\/v2\/pages\/669\/revisions"}],"predecessor-version":[{"id":899,"href":"https:\/\/www.ushgotdf.shop\/argentoboom\/wp-json\/wp\/v2\/pages\/669\/revisions\/899"}],"wp:attachment":[{"href":"https:\/\/www.ushgotdf.shop\/argentoboom\/wp-json\/wp\/v2\/media?parent=669"}],"curies":[{"name":"wp","href":"https:\/\/api.w.org\/{rel}","templated":true}]}}