{"id":1014,"date":"2025-09-12T15:27:48","date_gmt":"2025-09-12T18:27:48","guid":{"rendered":"https:\/\/www.ushgotdf.shop\/argentoboom\/?post_type=product&#038;p=1014"},"modified":"2025-09-12T15:28:37","modified_gmt":"2025-09-12T18:28:37","slug":"dc-black-pink","status":"publish","type":"product","link":"https:\/\/www.ushgotdf.shop\/argentoboom\/producto\/dc-black-pink\/","title":{"rendered":"DC BLACK PINK"},"content":{"rendered":"<p>Las DC BLACK PINK \ud83d\udc96 de ZapaClones &#8211; sab\u00e9s que somos clones pero no te vas a dar cuenta, son mucho m\u00e1s que zapatillas: son un statement de moda. Con un dise\u00f1o moderno que combina el negro profundo con toques vibrantes de rosa, estas sneakers aportan frescura y estilo a cualquier outfit.<\/p>\n<p>Su confecci\u00f3n en calidad Premium asegura durabilidad y comodidad, ideales tanto para el uso diario como para darle ese toque distintivo a tus looks urbanos. Ya sea con jeans, joggers o un outfit m\u00e1s atrevido, las DC BLACK PINK se adaptan a la tendencia actual del streetwear con personalidad \u00fanica.<\/p>\n<p>Adem\u00e1s, incluyen caja \ud83d\udce6, bolsa antipolvo \u2705, y un llavero exclusivo \u2705, convirti\u00e9ndose en un pack completo y perfecto para vos o para regalar.<\/p>\n<p>Disponibles en talles del 34 al 39 y con env\u00edos a todo el pa\u00eds \ud83c\udde6\ud83c\uddf7.<\/p>\n","protected":false},"excerpt":{"rendered":"<p>\ud83d\udc96Las DC BLACK PINK de ZapaClones, combinan estilo urbano y tendencia actual en un dise\u00f1o \u00fanico. Detalles Premium, un llavero exclusivo y env\u00edo a todo el pa\u00eds \ud83c\udde6\ud83c\uddf7.<\/p>\n","protected":false},"featured_media":1008,"template":"","meta":{"_uag_custom_page_level_css":""},"product_brand":[],"product_cat":[15],"product_tag":[],"class_list":{"0":"post-1014","1":"product","2":"type-product","3":"status-publish","4":"has-post-thumbnail","6":"product_cat-sin-categorizar","8":"first","9":"instock","10":"shipping-taxable","11":"purchasable","12":"product-type-variable"},"yoast_head":"<!-- This site is optimized with the Yoast SEO plugin v27.5 - https:\/\/yoast.com\/product\/yoast-seo-wordpress\/ -->\n<title>DC BLACK PINK - ArgentoBoom<\/title>\n<meta name=\"robots\" content=\"noindex, nofollow\" \/>\n<meta property=\"og:locale\" content=\"es_ES\" \/>\n<meta property=\"og:type\" content=\"article\" \/>\n<meta property=\"og:title\" content=\"DC BLACK PINK - ArgentoBoom\" \/>\n<meta property=\"og:description\" content=\"\ud83d\udc96Las DC BLACK PINK de ZapaClones, combinan estilo urbano y tendencia actual en un dise\u00f1o \u00fanico. Detalles Premium, un llavero exclusivo y env\u00edo a todo el pa\u00eds \ud83c\udde6\ud83c\uddf7.\" \/>\n<meta property=\"og:url\" content=\"https:\/\/www.ushgotdf.shop\/argentoboom\/producto\/dc-black-pink\/\" \/>\n<meta property=\"og:site_name\" content=\"ArgentoBoom\" \/>\n<meta property=\"article:modified_time\" content=\"2025-09-12T18:28:37+00:00\" \/>\n<meta property=\"og:image\" content=\"https:\/\/www.ushgotdf.shop\/argentoboom\/wp-content\/uploads\/2025\/09\/destacada-2.jpg\" \/>\n\t<meta property=\"og:image:width\" content=\"1200\" \/>\n\t<meta property=\"og:image:height\" content=\"630\" \/>\n\t<meta property=\"og:image:type\" content=\"image\/jpeg\" \/>\n<meta name=\"twitter:card\" content=\"summary_large_image\" \/>\n<meta name=\"twitter:label1\" content=\"Tiempo de lectura\" \/>\n\t<meta name=\"twitter:data1\" content=\"1 minuto\" \/>\n<script type=\"application\/ld+json\" class=\"yoast-schema-graph\">{\"@context\":\"https:\\\/\\\/schema.org\",\"@graph\":[{\"@type\":\"WebPage\",\"@id\":\"https:\\\/\\\/www.ushgotdf.shop\\\/argentoboom\\\/producto\\\/dc-black-pink\\\/\",\"url\":\"https:\\\/\\\/www.ushgotdf.shop\\\/argentoboom\\\/producto\\\/dc-black-pink\\\/\",\"name\":\"DC BLACK PINK - ArgentoBoom\",\"isPartOf\":{\"@id\":\"https:\\\/\\\/www.ushgotdf.shop\\\/argentoboom\\\/#website\"},\"primaryImageOfPage\":{\"@id\":\"https:\\\/\\\/www.ushgotdf.shop\\\/argentoboom\\\/producto\\\/dc-black-pink\\\/#primaryimage\"},\"image\":{\"@id\":\"https:\\\/\\\/www.ushgotdf.shop\\\/argentoboom\\\/producto\\\/dc-black-pink\\\/#primaryimage\"},\"thumbnailUrl\":\"https:\\\/\\\/www.ushgotdf.shop\\\/argentoboom\\\/wp-content\\\/uploads\\\/2025\\\/09\\\/destacada-2.jpg\",\"datePublished\":\"2025-09-12T18:27:48+00:00\",\"dateModified\":\"2025-09-12T18:28:37+00:00\",\"breadcrumb\":{\"@id\":\"https:\\\/\\\/www.ushgotdf.shop\\\/argentoboom\\\/producto\\\/dc-black-pink\\\/#breadcrumb\"},\"inLanguage\":\"es\",\"potentialAction\":[{\"@type\":\"ReadAction\",\"target\":[\"https:\\\/\\\/www.ushgotdf.shop\\\/argentoboom\\\/producto\\\/dc-black-pink\\\/\"]}]},{\"@type\":\"ImageObject\",\"inLanguage\":\"es\",\"@id\":\"https:\\\/\\\/www.ushgotdf.shop\\\/argentoboom\\\/producto\\\/dc-black-pink\\\/#primaryimage\",\"url\":\"https:\\\/\\\/www.ushgotdf.shop\\\/argentoboom\\\/wp-content\\\/uploads\\\/2025\\\/09\\\/destacada-2.jpg\",\"contentUrl\":\"https:\\\/\\\/www.ushgotdf.shop\\\/argentoboom\\\/wp-content\\\/uploads\\\/2025\\\/09\\\/destacada-2.jpg\",\"width\":1200,\"height\":630},{\"@type\":\"BreadcrumbList\",\"@id\":\"https:\\\/\\\/www.ushgotdf.shop\\\/argentoboom\\\/producto\\\/dc-black-pink\\\/#breadcrumb\",\"itemListElement\":[{\"@type\":\"ListItem\",\"position\":1,\"name\":\"Portada\",\"item\":\"https:\\\/\\\/www.ushgotdf.shop\\\/argentoboom\\\/\"},{\"@type\":\"ListItem\",\"position\":2,\"name\":\"Tienda\",\"item\":\"https:\\\/\\\/www.ushgotdf.shop\\\/argentoboom\\\/tienda\\\/\"},{\"@type\":\"ListItem\",\"position\":3,\"name\":\"DC BLACK PINK\"}]},{\"@type\":\"WebSite\",\"@id\":\"https:\\\/\\\/www.ushgotdf.shop\\\/argentoboom\\\/#website\",\"url\":\"https:\\\/\\\/www.ushgotdf.shop\\\/argentoboom\\\/\",\"name\":\"ArgentoBoom\",\"description\":\"\u2728 &iexcl;Descubr&iacute; lo que est&aacute; haciendo BOOM en todo el pa&iacute;s! \u2728\",\"publisher\":{\"@id\":\"https:\\\/\\\/www.ushgotdf.shop\\\/argentoboom\\\/#organization\"},\"potentialAction\":[{\"@type\":\"SearchAction\",\"target\":{\"@type\":\"EntryPoint\",\"urlTemplate\":\"https:\\\/\\\/www.ushgotdf.shop\\\/argentoboom\\\/?s={search_term_string}\"},\"query-input\":{\"@type\":\"PropertyValueSpecification\",\"valueRequired\":true,\"valueName\":\"search_term_string\"}}],\"inLanguage\":\"es\"},{\"@type\":\"Organization\",\"@id\":\"https:\\\/\\\/www.ushgotdf.shop\\\/argentoboom\\\/#organization\",\"name\":\"ArgentoBoom\",\"url\":\"https:\\\/\\\/www.ushgotdf.shop\\\/argentoboom\\\/\",\"logo\":{\"@type\":\"ImageObject\",\"inLanguage\":\"es\",\"@id\":\"https:\\\/\\\/www.ushgotdf.shop\\\/argentoboom\\\/#\\\/schema\\\/logo\\\/image\\\/\",\"url\":\"https:\\\/\\\/www.ushgotdf.shop\\\/argentoboom\\\/wp-content\\\/uploads\\\/2024\\\/10\\\/logo-redondo-arg-1-e1729264842347.jpg\",\"contentUrl\":\"https:\\\/\\\/www.ushgotdf.shop\\\/argentoboom\\\/wp-content\\\/uploads\\\/2024\\\/10\\\/logo-redondo-arg-1-e1729264842347.jpg\",\"width\":120,\"height\":120,\"caption\":\"ArgentoBoom\"},\"image\":{\"@id\":\"https:\\\/\\\/www.ushgotdf.shop\\\/argentoboom\\\/#\\\/schema\\\/logo\\\/image\\\/\"}}]}<\/script>\n<!-- \/ Yoast SEO plugin. -->","yoast_head_json":{"title":"DC BLACK PINK - ArgentoBoom","robots":{"index":"noindex","follow":"nofollow"},"og_locale":"es_ES","og_type":"article","og_title":"DC BLACK PINK - ArgentoBoom","og_description":"\ud83d\udc96Las DC BLACK PINK de ZapaClones, combinan estilo urbano y tendencia actual en un dise\u00f1o \u00fanico. Detalles Premium, un llavero exclusivo y env\u00edo a todo el pa\u00eds \ud83c\udde6\ud83c\uddf7.","og_url":"https:\/\/www.ushgotdf.shop\/argentoboom\/producto\/dc-black-pink\/","og_site_name":"ArgentoBoom","article_modified_time":"2025-09-12T18:28:37+00:00","og_image":[{"width":1200,"height":630,"url":"https:\/\/www.ushgotdf.shop\/argentoboom\/wp-content\/uploads\/2025\/09\/destacada-2.jpg","type":"image\/jpeg"}],"twitter_card":"summary_large_image","twitter_misc":{"Tiempo de lectura":"1 minuto"},"schema":{"@context":"https:\/\/schema.org","@graph":[{"@type":"WebPage","@id":"https:\/\/www.ushgotdf.shop\/argentoboom\/producto\/dc-black-pink\/","url":"https:\/\/www.ushgotdf.shop\/argentoboom\/producto\/dc-black-pink\/","name":"DC BLACK PINK - ArgentoBoom","isPartOf":{"@id":"https:\/\/www.ushgotdf.shop\/argentoboom\/#website"},"primaryImageOfPage":{"@id":"https:\/\/www.ushgotdf.shop\/argentoboom\/producto\/dc-black-pink\/#primaryimage"},"image":{"@id":"https:\/\/www.ushgotdf.shop\/argentoboom\/producto\/dc-black-pink\/#primaryimage"},"thumbnailUrl":"https:\/\/www.ushgotdf.shop\/argentoboom\/wp-content\/uploads\/2025\/09\/destacada-2.jpg","datePublished":"2025-09-12T18:27:48+00:00","dateModified":"2025-09-12T18:28:37+00:00","breadcrumb":{"@id":"https:\/\/www.ushgotdf.shop\/argentoboom\/producto\/dc-black-pink\/#breadcrumb"},"inLanguage":"es","potentialAction":[{"@type":"ReadAction","target":["https:\/\/www.ushgotdf.shop\/argentoboom\/producto\/dc-black-pink\/"]}]},{"@type":"ImageObject","inLanguage":"es","@id":"https:\/\/www.ushgotdf.shop\/argentoboom\/producto\/dc-black-pink\/#primaryimage","url":"https:\/\/www.ushgotdf.shop\/argentoboom\/wp-content\/uploads\/2025\/09\/destacada-2.jpg","contentUrl":"https:\/\/www.ushgotdf.shop\/argentoboom\/wp-content\/uploads\/2025\/09\/destacada-2.jpg","width":1200,"height":630},{"@type":"BreadcrumbList","@id":"https:\/\/www.ushgotdf.shop\/argentoboom\/producto\/dc-black-pink\/#breadcrumb","itemListElement":[{"@type":"ListItem","position":1,"name":"Portada","item":"https:\/\/www.ushgotdf.shop\/argentoboom\/"},{"@type":"ListItem","position":2,"name":"Tienda","item":"https:\/\/www.ushgotdf.shop\/argentoboom\/tienda\/"},{"@type":"ListItem","position":3,"name":"DC BLACK PINK"}]},{"@type":"WebSite","@id":"https:\/\/www.ushgotdf.shop\/argentoboom\/#website","url":"https:\/\/www.ushgotdf.shop\/argentoboom\/","name":"ArgentoBoom","description":"\u2728 &iexcl;Descubr&iacute; lo que est&aacute; haciendo BOOM en todo el pa&iacute;s! \u2728","publisher":{"@id":"https:\/\/www.ushgotdf.shop\/argentoboom\/#organization"},"potentialAction":[{"@type":"SearchAction","target":{"@type":"EntryPoint","urlTemplate":"https:\/\/www.ushgotdf.shop\/argentoboom\/?s={search_term_string}"},"query-input":{"@type":"PropertyValueSpecification","valueRequired":true,"valueName":"search_term_string"}}],"inLanguage":"es"},{"@type":"Organization","@id":"https:\/\/www.ushgotdf.shop\/argentoboom\/#organization","name":"ArgentoBoom","url":"https:\/\/www.ushgotdf.shop\/argentoboom\/","logo":{"@type":"ImageObject","inLanguage":"es","@id":"https:\/\/www.ushgotdf.shop\/argentoboom\/#\/schema\/logo\/image\/","url":"https:\/\/www.ushgotdf.shop\/argentoboom\/wp-content\/uploads\/2024\/10\/logo-redondo-arg-1-e1729264842347.jpg","contentUrl":"https:\/\/www.ushgotdf.shop\/argentoboom\/wp-content\/uploads\/2024\/10\/logo-redondo-arg-1-e1729264842347.jpg","width":120,"height":120,"caption":"ArgentoBoom"},"image":{"@id":"https:\/\/www.ushgotdf.shop\/argentoboom\/#\/schema\/logo\/image\/"}}]}},"uagb_featured_image_src":{"full":["https:\/\/www.ushgotdf.shop\/argentoboom\/wp-content\/uploads\/2025\/09\/destacada-2.jpg",1200,630,false],"thumbnail":["https:\/\/www.ushgotdf.shop\/argentoboom\/wp-content\/uploads\/2025\/09\/destacada-2-150x150.jpg",150,150,true],"medium":["https:\/\/www.ushgotdf.shop\/argentoboom\/wp-content\/uploads\/2025\/09\/destacada-2-300x158.jpg",300,158,true],"medium_large":["https:\/\/www.ushgotdf.shop\/argentoboom\/wp-content\/uploads\/2025\/09\/destacada-2-768x403.jpg",768,403,true],"large":["https:\/\/www.ushgotdf.shop\/argentoboom\/wp-content\/uploads\/2025\/09\/destacada-2-1024x538.jpg",1024,538,true],"1536x1536":["https:\/\/www.ushgotdf.shop\/argentoboom\/wp-content\/uploads\/2025\/09\/destacada-2.jpg",1200,630,false],"2048x2048":["https:\/\/www.ushgotdf.shop\/argentoboom\/wp-content\/uploads\/2025\/09\/destacada-2.jpg",1200,630,false],"woocommerce_archive_thumbnail":["https:\/\/www.ushgotdf.shop\/argentoboom\/wp-content\/uploads\/2025\/09\/destacada-2-300x300.jpg",300,300,true],"woocommerce_thumbnail":["https:\/\/www.ushgotdf.shop\/argentoboom\/wp-content\/uploads\/2025\/09\/destacada-2-300x300.jpg",300,300,true],"woocommerce_single":["https:\/\/www.ushgotdf.shop\/argentoboom\/wp-content\/uploads\/2025\/09\/destacada-2-600x315.jpg",600,315,true],"woocommerce_gallery_thumbnail":["https:\/\/www.ushgotdf.shop\/argentoboom\/wp-content\/uploads\/2025\/09\/destacada-2-100x100.jpg",100,100,true]},"uagb_author_info":{"display_name":"admin","author_link":"https:\/\/www.ushgotdf.shop\/argentoboom\/author\/"},"uagb_comment_info":0,"uagb_excerpt":"\ud83d\udc96Las DC BLACK PINK de ZapaClones, combinan estilo urbano y tendencia actual en un dise\u00f1o \u00fanico. Detalles Premium, un llavero exclusivo y env\u00edo a todo el pa\u00eds \ud83c\udde6\ud83c\uddf7.","_links":{"self":[{"href":"https:\/\/www.ushgotdf.shop\/argentoboom\/wp-json\/wp\/v2\/product\/1014","targetHints":{"allow":["GET"]}}],"collection":[{"href":"https:\/\/www.ushgotdf.shop\/argentoboom\/wp-json\/wp\/v2\/product"}],"about":[{"href":"https:\/\/www.ushgotdf.shop\/argentoboom\/wp-json\/wp\/v2\/types\/product"}],"wp:featuredmedia":[{"embeddable":true,"href":"https:\/\/www.ushgotdf.shop\/argentoboom\/wp-json\/wp\/v2\/media\/1008"}],"wp:attachment":[{"href":"https:\/\/www.ushgotdf.shop\/argentoboom\/wp-json\/wp\/v2\/media?parent=1014"}],"wp:term":[{"taxonomy":"product_brand","embeddable":true,"href":"https:\/\/www.ushgotdf.shop\/argentoboom\/wp-json\/wp\/v2\/product_brand?post=1014"},{"taxonomy":"product_cat","embeddable":true,"href":"https:\/\/www.ushgotdf.shop\/argentoboom\/wp-json\/wp\/v2\/product_cat?post=1014"},{"taxonomy":"product_tag","embeddable":true,"href":"https:\/\/www.ushgotdf.shop\/argentoboom\/wp-json\/wp\/v2\/product_tag?post=1014"}],"curies":[{"name":"wp","href":"https:\/\/api.w.org\/{rel}","templated":true}]}}