{"id":1037,"date":"2025-09-15T12:28:15","date_gmt":"2025-09-15T15:28:15","guid":{"rendered":"https:\/\/www.ushgotdf.shop\/argentoboom\/?post_type=product&#038;p=1037"},"modified":"2025-09-15T12:28:15","modified_gmt":"2025-09-15T15:28:15","slug":"air-force-heart","status":"publish","type":"product","link":"https:\/\/www.ushgotdf.shop\/argentoboom\/producto\/air-force-heart\/","title":{"rendered":"AIR FORCE HEART"},"content":{"rendered":"<p data-start=\"117\" data-end=\"465\">Las <strong data-start=\"121\" data-end=\"210\">AIR FORCE HEART \u2764\ufe0f de ZapaClones &#8211; sab\u00e9s que somos clones pero no te vas a dar cuenta<\/strong> llegan para conquistar el street style con un dise\u00f1o \u00fanico que mezcla lo cl\u00e1sico con un toque rom\u00e1ntico. Inspiradas en el ic\u00f3nico modelo urbano, este par destaca por sus detalles en forma de coraz\u00f3n que aportan personalidad y frescura a cualquier look.<\/p>\n<p data-start=\"467\" data-end=\"817\">Fabricadas en <strong data-start=\"481\" data-end=\"500\">calidad Premium<\/strong>, ofrecen resistencia, confort y terminaciones de primera l\u00ednea. Vienen completas con <strong data-start=\"586\" data-end=\"612\">caja y bolsa antipolvo<\/strong>, ideales tanto para lucirlas todos los d\u00edas como para regalar. Su dise\u00f1o vers\u00e1til permite combinarlas con jeans, joggers, vestidos o outfits m\u00e1s atrevidos, logrando siempre un estilo aut\u00e9ntico y actual.<\/p>\n<p data-start=\"819\" data-end=\"1049\">Las <strong data-start=\"823\" data-end=\"842\">AIR FORCE HEART<\/strong> son m\u00e1s que zapatillas: son un s\u00edmbolo de moda, actitud y estilo. Perfectas para quienes buscan diferenciarse con un calzado que no solo se ve incre\u00edble, sino que tambi\u00e9n garantiza comodidad en cada paso.<\/p>\n<p data-start=\"1051\" data-end=\"1179\">\ud83d\ude9a <strong data-start=\"1054\" data-end=\"1100\">Hacemos env\u00edos a todo el pa\u00eds con VIACARGO<\/strong>, para que tus ZapaClones lleguen r\u00e1pido y seguro hasta la puerta de tu casa.<\/p>\n","protected":false},"excerpt":{"rendered":"<p>\u2728 <strong data-start=\"97\" data-end=\"186\">AIR FORCE HEART \u2764\ufe0f de ZapaClones &#8211; sab\u00e9s que somos clones pero no te vas a dar cuenta<\/strong> \u2728<br data-start=\"188\" data-end=\"191\" \/>Un cl\u00e1sico reinventado con detalles de corazones que marcan tendencia. Hechas en <strong data-start=\"272\" data-end=\"291\">calidad premium<\/strong>, incluyen caja y bolsa antipolvo. Ideales para destacar con estilo en la moda urbana actual. \ud83d\ude9a \u00a1Enviamos a todo el pa\u00eds con VIACARGO!<\/p>\n","protected":false},"featured_media":1030,"template":"","meta":{"_uag_custom_page_level_css":""},"product_brand":[],"product_cat":[15],"product_tag":[],"class_list":{"0":"post-1037","1":"product","2":"type-product","3":"status-publish","4":"has-post-thumbnail","6":"product_cat-sin-categorizar","8":"first","9":"instock","10":"shipping-taxable","11":"purchasable","12":"product-type-variable"},"yoast_head":"<!-- This site is optimized with the Yoast SEO plugin v27.5 - https:\/\/yoast.com\/product\/yoast-seo-wordpress\/ -->\n<title>AIR FORCE HEART - ArgentoBoom<\/title>\n<meta name=\"robots\" content=\"noindex, nofollow\" \/>\n<meta property=\"og:locale\" content=\"es_ES\" \/>\n<meta property=\"og:type\" content=\"article\" \/>\n<meta property=\"og:title\" content=\"AIR FORCE HEART - ArgentoBoom\" \/>\n<meta property=\"og:description\" content=\"\u2728 AIR FORCE HEART \u2764\ufe0f de ZapaClones - sab\u00e9s que somos clones pero no te vas a dar cuenta \u2728Un cl\u00e1sico reinventado con detalles de corazones que marcan tendencia. Hechas en calidad premium, incluyen caja y bolsa antipolvo. Ideales para destacar con estilo en la moda urbana actual. \ud83d\ude9a \u00a1Enviamos a todo el pa\u00eds con VIACARGO!\" \/>\n<meta property=\"og:url\" content=\"https:\/\/www.ushgotdf.shop\/argentoboom\/producto\/air-force-heart\/\" \/>\n<meta property=\"og:site_name\" content=\"ArgentoBoom\" \/>\n<meta property=\"og:image\" content=\"https:\/\/www.ushgotdf.shop\/argentoboom\/wp-content\/uploads\/2025\/09\/DESTACADA-3.jpg\" \/>\n\t<meta property=\"og:image:width\" content=\"1534\" \/>\n\t<meta property=\"og:image:height\" content=\"630\" \/>\n\t<meta property=\"og:image:type\" content=\"image\/jpeg\" \/>\n<meta name=\"twitter:card\" content=\"summary_large_image\" \/>\n<meta name=\"twitter:label1\" content=\"Tiempo de lectura\" \/>\n\t<meta name=\"twitter:data1\" content=\"1 minuto\" \/>\n<script type=\"application\/ld+json\" class=\"yoast-schema-graph\">{\"@context\":\"https:\\\/\\\/schema.org\",\"@graph\":[{\"@type\":\"WebPage\",\"@id\":\"https:\\\/\\\/www.ushgotdf.shop\\\/argentoboom\\\/producto\\\/air-force-heart\\\/\",\"url\":\"https:\\\/\\\/www.ushgotdf.shop\\\/argentoboom\\\/producto\\\/air-force-heart\\\/\",\"name\":\"AIR FORCE HEART - ArgentoBoom\",\"isPartOf\":{\"@id\":\"https:\\\/\\\/www.ushgotdf.shop\\\/argentoboom\\\/#website\"},\"primaryImageOfPage\":{\"@id\":\"https:\\\/\\\/www.ushgotdf.shop\\\/argentoboom\\\/producto\\\/air-force-heart\\\/#primaryimage\"},\"image\":{\"@id\":\"https:\\\/\\\/www.ushgotdf.shop\\\/argentoboom\\\/producto\\\/air-force-heart\\\/#primaryimage\"},\"thumbnailUrl\":\"https:\\\/\\\/www.ushgotdf.shop\\\/argentoboom\\\/wp-content\\\/uploads\\\/2025\\\/09\\\/DESTACADA-3.jpg\",\"datePublished\":\"2025-09-15T15:28:15+00:00\",\"breadcrumb\":{\"@id\":\"https:\\\/\\\/www.ushgotdf.shop\\\/argentoboom\\\/producto\\\/air-force-heart\\\/#breadcrumb\"},\"inLanguage\":\"es\",\"potentialAction\":[{\"@type\":\"ReadAction\",\"target\":[\"https:\\\/\\\/www.ushgotdf.shop\\\/argentoboom\\\/producto\\\/air-force-heart\\\/\"]}]},{\"@type\":\"ImageObject\",\"inLanguage\":\"es\",\"@id\":\"https:\\\/\\\/www.ushgotdf.shop\\\/argentoboom\\\/producto\\\/air-force-heart\\\/#primaryimage\",\"url\":\"https:\\\/\\\/www.ushgotdf.shop\\\/argentoboom\\\/wp-content\\\/uploads\\\/2025\\\/09\\\/DESTACADA-3.jpg\",\"contentUrl\":\"https:\\\/\\\/www.ushgotdf.shop\\\/argentoboom\\\/wp-content\\\/uploads\\\/2025\\\/09\\\/DESTACADA-3.jpg\",\"width\":1534,\"height\":630},{\"@type\":\"BreadcrumbList\",\"@id\":\"https:\\\/\\\/www.ushgotdf.shop\\\/argentoboom\\\/producto\\\/air-force-heart\\\/#breadcrumb\",\"itemListElement\":[{\"@type\":\"ListItem\",\"position\":1,\"name\":\"Portada\",\"item\":\"https:\\\/\\\/www.ushgotdf.shop\\\/argentoboom\\\/\"},{\"@type\":\"ListItem\",\"position\":2,\"name\":\"Tienda\",\"item\":\"https:\\\/\\\/www.ushgotdf.shop\\\/argentoboom\\\/tienda\\\/\"},{\"@type\":\"ListItem\",\"position\":3,\"name\":\"AIR FORCE HEART\"}]},{\"@type\":\"WebSite\",\"@id\":\"https:\\\/\\\/www.ushgotdf.shop\\\/argentoboom\\\/#website\",\"url\":\"https:\\\/\\\/www.ushgotdf.shop\\\/argentoboom\\\/\",\"name\":\"ArgentoBoom\",\"description\":\"\u2728 &iexcl;Descubr&iacute; lo que est&aacute; haciendo BOOM en todo el pa&iacute;s! \u2728\",\"publisher\":{\"@id\":\"https:\\\/\\\/www.ushgotdf.shop\\\/argentoboom\\\/#organization\"},\"potentialAction\":[{\"@type\":\"SearchAction\",\"target\":{\"@type\":\"EntryPoint\",\"urlTemplate\":\"https:\\\/\\\/www.ushgotdf.shop\\\/argentoboom\\\/?s={search_term_string}\"},\"query-input\":{\"@type\":\"PropertyValueSpecification\",\"valueRequired\":true,\"valueName\":\"search_term_string\"}}],\"inLanguage\":\"es\"},{\"@type\":\"Organization\",\"@id\":\"https:\\\/\\\/www.ushgotdf.shop\\\/argentoboom\\\/#organization\",\"name\":\"ArgentoBoom\",\"url\":\"https:\\\/\\\/www.ushgotdf.shop\\\/argentoboom\\\/\",\"logo\":{\"@type\":\"ImageObject\",\"inLanguage\":\"es\",\"@id\":\"https:\\\/\\\/www.ushgotdf.shop\\\/argentoboom\\\/#\\\/schema\\\/logo\\\/image\\\/\",\"url\":\"https:\\\/\\\/www.ushgotdf.shop\\\/argentoboom\\\/wp-content\\\/uploads\\\/2024\\\/10\\\/logo-redondo-arg-1-e1729264842347.jpg\",\"contentUrl\":\"https:\\\/\\\/www.ushgotdf.shop\\\/argentoboom\\\/wp-content\\\/uploads\\\/2024\\\/10\\\/logo-redondo-arg-1-e1729264842347.jpg\",\"width\":120,\"height\":120,\"caption\":\"ArgentoBoom\"},\"image\":{\"@id\":\"https:\\\/\\\/www.ushgotdf.shop\\\/argentoboom\\\/#\\\/schema\\\/logo\\\/image\\\/\"}}]}<\/script>\n<!-- \/ Yoast SEO plugin. -->","yoast_head_json":{"title":"AIR FORCE HEART - ArgentoBoom","robots":{"index":"noindex","follow":"nofollow"},"og_locale":"es_ES","og_type":"article","og_title":"AIR FORCE HEART - ArgentoBoom","og_description":"\u2728 AIR FORCE HEART \u2764\ufe0f de ZapaClones - sab\u00e9s que somos clones pero no te vas a dar cuenta \u2728Un cl\u00e1sico reinventado con detalles de corazones que marcan tendencia. Hechas en calidad premium, incluyen caja y bolsa antipolvo. Ideales para destacar con estilo en la moda urbana actual. \ud83d\ude9a \u00a1Enviamos a todo el pa\u00eds con VIACARGO!","og_url":"https:\/\/www.ushgotdf.shop\/argentoboom\/producto\/air-force-heart\/","og_site_name":"ArgentoBoom","og_image":[{"width":1534,"height":630,"url":"https:\/\/www.ushgotdf.shop\/argentoboom\/wp-content\/uploads\/2025\/09\/DESTACADA-3.jpg","type":"image\/jpeg"}],"twitter_card":"summary_large_image","twitter_misc":{"Tiempo de lectura":"1 minuto"},"schema":{"@context":"https:\/\/schema.org","@graph":[{"@type":"WebPage","@id":"https:\/\/www.ushgotdf.shop\/argentoboom\/producto\/air-force-heart\/","url":"https:\/\/www.ushgotdf.shop\/argentoboom\/producto\/air-force-heart\/","name":"AIR FORCE HEART - ArgentoBoom","isPartOf":{"@id":"https:\/\/www.ushgotdf.shop\/argentoboom\/#website"},"primaryImageOfPage":{"@id":"https:\/\/www.ushgotdf.shop\/argentoboom\/producto\/air-force-heart\/#primaryimage"},"image":{"@id":"https:\/\/www.ushgotdf.shop\/argentoboom\/producto\/air-force-heart\/#primaryimage"},"thumbnailUrl":"https:\/\/www.ushgotdf.shop\/argentoboom\/wp-content\/uploads\/2025\/09\/DESTACADA-3.jpg","datePublished":"2025-09-15T15:28:15+00:00","breadcrumb":{"@id":"https:\/\/www.ushgotdf.shop\/argentoboom\/producto\/air-force-heart\/#breadcrumb"},"inLanguage":"es","potentialAction":[{"@type":"ReadAction","target":["https:\/\/www.ushgotdf.shop\/argentoboom\/producto\/air-force-heart\/"]}]},{"@type":"ImageObject","inLanguage":"es","@id":"https:\/\/www.ushgotdf.shop\/argentoboom\/producto\/air-force-heart\/#primaryimage","url":"https:\/\/www.ushgotdf.shop\/argentoboom\/wp-content\/uploads\/2025\/09\/DESTACADA-3.jpg","contentUrl":"https:\/\/www.ushgotdf.shop\/argentoboom\/wp-content\/uploads\/2025\/09\/DESTACADA-3.jpg","width":1534,"height":630},{"@type":"BreadcrumbList","@id":"https:\/\/www.ushgotdf.shop\/argentoboom\/producto\/air-force-heart\/#breadcrumb","itemListElement":[{"@type":"ListItem","position":1,"name":"Portada","item":"https:\/\/www.ushgotdf.shop\/argentoboom\/"},{"@type":"ListItem","position":2,"name":"Tienda","item":"https:\/\/www.ushgotdf.shop\/argentoboom\/tienda\/"},{"@type":"ListItem","position":3,"name":"AIR FORCE HEART"}]},{"@type":"WebSite","@id":"https:\/\/www.ushgotdf.shop\/argentoboom\/#website","url":"https:\/\/www.ushgotdf.shop\/argentoboom\/","name":"ArgentoBoom","description":"\u2728 &iexcl;Descubr&iacute; lo que est&aacute; haciendo BOOM en todo el pa&iacute;s! \u2728","publisher":{"@id":"https:\/\/www.ushgotdf.shop\/argentoboom\/#organization"},"potentialAction":[{"@type":"SearchAction","target":{"@type":"EntryPoint","urlTemplate":"https:\/\/www.ushgotdf.shop\/argentoboom\/?s={search_term_string}"},"query-input":{"@type":"PropertyValueSpecification","valueRequired":true,"valueName":"search_term_string"}}],"inLanguage":"es"},{"@type":"Organization","@id":"https:\/\/www.ushgotdf.shop\/argentoboom\/#organization","name":"ArgentoBoom","url":"https:\/\/www.ushgotdf.shop\/argentoboom\/","logo":{"@type":"ImageObject","inLanguage":"es","@id":"https:\/\/www.ushgotdf.shop\/argentoboom\/#\/schema\/logo\/image\/","url":"https:\/\/www.ushgotdf.shop\/argentoboom\/wp-content\/uploads\/2024\/10\/logo-redondo-arg-1-e1729264842347.jpg","contentUrl":"https:\/\/www.ushgotdf.shop\/argentoboom\/wp-content\/uploads\/2024\/10\/logo-redondo-arg-1-e1729264842347.jpg","width":120,"height":120,"caption":"ArgentoBoom"},"image":{"@id":"https:\/\/www.ushgotdf.shop\/argentoboom\/#\/schema\/logo\/image\/"}}]}},"uagb_featured_image_src":{"full":["https:\/\/www.ushgotdf.shop\/argentoboom\/wp-content\/uploads\/2025\/09\/DESTACADA-3.jpg",1534,630,false],"thumbnail":["https:\/\/www.ushgotdf.shop\/argentoboom\/wp-content\/uploads\/2025\/09\/DESTACADA-3-150x150.jpg",150,150,true],"medium":["https:\/\/www.ushgotdf.shop\/argentoboom\/wp-content\/uploads\/2025\/09\/DESTACADA-3-300x123.jpg",300,123,true],"medium_large":["https:\/\/www.ushgotdf.shop\/argentoboom\/wp-content\/uploads\/2025\/09\/DESTACADA-3-768x315.jpg",768,315,true],"large":["https:\/\/www.ushgotdf.shop\/argentoboom\/wp-content\/uploads\/2025\/09\/DESTACADA-3-1024x421.jpg",1024,421,true],"1536x1536":["https:\/\/www.ushgotdf.shop\/argentoboom\/wp-content\/uploads\/2025\/09\/DESTACADA-3.jpg",1534,630,false],"2048x2048":["https:\/\/www.ushgotdf.shop\/argentoboom\/wp-content\/uploads\/2025\/09\/DESTACADA-3.jpg",1534,630,false],"woocommerce_archive_thumbnail":["https:\/\/www.ushgotdf.shop\/argentoboom\/wp-content\/uploads\/2025\/09\/DESTACADA-3-300x300.jpg",300,300,true],"woocommerce_thumbnail":["https:\/\/www.ushgotdf.shop\/argentoboom\/wp-content\/uploads\/2025\/09\/DESTACADA-3-300x300.jpg",300,300,true],"woocommerce_single":["https:\/\/www.ushgotdf.shop\/argentoboom\/wp-content\/uploads\/2025\/09\/DESTACADA-3-600x246.jpg",600,246,true],"woocommerce_gallery_thumbnail":["https:\/\/www.ushgotdf.shop\/argentoboom\/wp-content\/uploads\/2025\/09\/DESTACADA-3-100x100.jpg",100,100,true]},"uagb_author_info":{"display_name":"admin","author_link":"https:\/\/www.ushgotdf.shop\/argentoboom\/author\/"},"uagb_comment_info":0,"uagb_excerpt":"\u2728 AIR FORCE HEART \u2764\ufe0f de ZapaClones - sab\u00e9s que somos clones pero no te vas a dar cuenta \u2728Un cl\u00e1sico reinventado con detalles de corazones que marcan tendencia. Hechas en calidad premium, incluyen caja y bolsa antipolvo. Ideales para destacar con estilo en la moda urbana actual. \ud83d\ude9a \u00a1Enviamos a todo el pa\u00eds con&hellip;","_links":{"self":[{"href":"https:\/\/www.ushgotdf.shop\/argentoboom\/wp-json\/wp\/v2\/product\/1037","targetHints":{"allow":["GET"]}}],"collection":[{"href":"https:\/\/www.ushgotdf.shop\/argentoboom\/wp-json\/wp\/v2\/product"}],"about":[{"href":"https:\/\/www.ushgotdf.shop\/argentoboom\/wp-json\/wp\/v2\/types\/product"}],"wp:featuredmedia":[{"embeddable":true,"href":"https:\/\/www.ushgotdf.shop\/argentoboom\/wp-json\/wp\/v2\/media\/1030"}],"wp:attachment":[{"href":"https:\/\/www.ushgotdf.shop\/argentoboom\/wp-json\/wp\/v2\/media?parent=1037"}],"wp:term":[{"taxonomy":"product_brand","embeddable":true,"href":"https:\/\/www.ushgotdf.shop\/argentoboom\/wp-json\/wp\/v2\/product_brand?post=1037"},{"taxonomy":"product_cat","embeddable":true,"href":"https:\/\/www.ushgotdf.shop\/argentoboom\/wp-json\/wp\/v2\/product_cat?post=1037"},{"taxonomy":"product_tag","embeddable":true,"href":"https:\/\/www.ushgotdf.shop\/argentoboom\/wp-json\/wp\/v2\/product_tag?post=1037"}],"curies":[{"name":"wp","href":"https:\/\/api.w.org\/{rel}","templated":true}]}}