{"id":873,"date":"2025-08-27T17:04:58","date_gmt":"2025-08-27T20:04:58","guid":{"rendered":"https:\/\/www.ushgotdf.shop\/argentoboom\/?post_type=product&#038;p=873"},"modified":"2025-09-07T21:34:35","modified_gmt":"2025-09-08T00:34:35","slug":"jordan-retro-4-zapaclones","status":"publish","type":"product","link":"https:\/\/www.ushgotdf.shop\/argentoboom\/producto\/jordan-retro-4-zapaclones\/","title":{"rendered":"Jordan Retro 4 \u2013 ZapaClones"},"content":{"rendered":"<p>Las Jordan Retro 4 combinan un dise\u00f1o ic\u00f3nico con comodidad superior. Fabricadas con materiales premium, ofrecen suela acolchada para cada paso, soporte ergon\u00f3mico y transpirabilidad que mantiene tus pies frescos. Su estilo vers\u00e1til permite usarlas tanto en la calle como en actividades deportivas, destacando por sus detalles \u00fanicos y acabado de alta calidad que refleja autenticidad y personalidad en cada look.<\/p>\n","protected":false},"excerpt":{"rendered":"<p>Estilo ic\u00f3nico y comodidad premium en cada paso. Materiales de alta calidad, suela acolchada y detalles \u00fanicos que no pasar\u00e1n desapercibidos. \u00a1No te quedes sin las tuyas, los fan\u00e1ticos las est\u00e1n buscando!<\/p>\n","protected":false},"featured_media":867,"template":"","meta":{"_uag_custom_page_level_css":""},"product_brand":[],"product_cat":[15],"product_tag":[],"class_list":{"0":"post-873","1":"product","2":"type-product","3":"status-publish","4":"has-post-thumbnail","6":"product_cat-sin-categorizar","8":"first","9":"instock","10":"purchasable","11":"product-type-variable"},"yoast_head":"<!-- This site is optimized with the Yoast SEO plugin v27.5 - https:\/\/yoast.com\/product\/yoast-seo-wordpress\/ -->\n<title>Jordan Retro 4 \u2013 ZapaClones -<\/title>\n<meta name=\"description\" content=\"Estilo ic\u00f3nico y comodidad premium en cada paso. Materiales de alta calidad, suela acolchada y detalles \u00fanicos que no pasar\u00e1n desapercibidos. \u00a1No te quedes sin las tuyas, los fan\u00e1ticos las est\u00e1n buscando!\" \/>\n<meta name=\"robots\" content=\"index, nofollow, max-snippet:-1, max-image-preview:large, max-video-preview:-1\" \/>\n<link rel=\"canonical\" href=\"https:\/\/www.ushgotdf.shop\/argentoboom\/producto\/jordan-retro-4-zapaclones\/\" \/>\n<meta property=\"og:locale\" content=\"es_ES\" \/>\n<meta property=\"og:type\" content=\"article\" \/>\n<meta property=\"og:title\" content=\"Jordan Retro 4 \u2013 ZapaClones -\" \/>\n<meta property=\"og:description\" content=\"Estilo ic\u00f3nico y comodidad premium en cada paso. Materiales de alta calidad, suela acolchada y detalles \u00fanicos que no pasar\u00e1n desapercibidos. \u00a1No te quedes sin las tuyas, los fan\u00e1ticos las est\u00e1n buscando!\" \/>\n<meta property=\"og:url\" content=\"https:\/\/www.ushgotdf.shop\/argentoboom\/producto\/jordan-retro-4-zapaclones\/\" \/>\n<meta property=\"og:site_name\" content=\"ArgentoBoom\" \/>\n<meta property=\"article:modified_time\" content=\"2025-09-08T00:34:35+00:00\" \/>\n<meta property=\"og:image\" content=\"https:\/\/www.ushgotdf.shop\/argentoboom\/wp-content\/uploads\/2025\/08\/361035357861442441_n.jpg\" \/>\n\t<meta property=\"og:image:width\" content=\"1279\" \/>\n\t<meta property=\"og:image:height\" content=\"837\" \/>\n\t<meta property=\"og:image:type\" content=\"image\/jpeg\" \/>\n<meta name=\"twitter:card\" content=\"summary_large_image\" \/>\n<meta name=\"twitter:label1\" content=\"Tiempo de lectura\" \/>\n\t<meta name=\"twitter:data1\" content=\"1 minuto\" \/>\n<script type=\"application\/ld+json\" class=\"yoast-schema-graph\">{\"@context\":\"https:\\\/\\\/schema.org\",\"@graph\":[{\"@type\":\"WebPage\",\"@id\":\"https:\\\/\\\/www.ushgotdf.shop\\\/argentoboom\\\/producto\\\/jordan-retro-4-zapaclones\\\/\",\"url\":\"https:\\\/\\\/www.ushgotdf.shop\\\/argentoboom\\\/producto\\\/jordan-retro-4-zapaclones\\\/\",\"name\":\"Jordan Retro 4 \u2013 ZapaClones -\",\"isPartOf\":{\"@id\":\"https:\\\/\\\/www.ushgotdf.shop\\\/argentoboom\\\/#website\"},\"primaryImageOfPage\":{\"@id\":\"https:\\\/\\\/www.ushgotdf.shop\\\/argentoboom\\\/producto\\\/jordan-retro-4-zapaclones\\\/#primaryimage\"},\"image\":{\"@id\":\"https:\\\/\\\/www.ushgotdf.shop\\\/argentoboom\\\/producto\\\/jordan-retro-4-zapaclones\\\/#primaryimage\"},\"thumbnailUrl\":\"https:\\\/\\\/www.ushgotdf.shop\\\/argentoboom\\\/wp-content\\\/uploads\\\/2025\\\/08\\\/361035357861442441_n.jpg\",\"datePublished\":\"2025-08-27T20:04:58+00:00\",\"dateModified\":\"2025-09-08T00:34:35+00:00\",\"description\":\"Estilo ic\u00f3nico y comodidad premium en cada paso. Materiales de alta calidad, suela acolchada y detalles \u00fanicos que no pasar\u00e1n desapercibidos. \u00a1No te quedes sin las tuyas, los fan\u00e1ticos las est\u00e1n buscando!\",\"breadcrumb\":{\"@id\":\"https:\\\/\\\/www.ushgotdf.shop\\\/argentoboom\\\/producto\\\/jordan-retro-4-zapaclones\\\/#breadcrumb\"},\"inLanguage\":\"es\",\"potentialAction\":[{\"@type\":\"ReadAction\",\"target\":[\"https:\\\/\\\/www.ushgotdf.shop\\\/argentoboom\\\/producto\\\/jordan-retro-4-zapaclones\\\/\"]}]},{\"@type\":\"ImageObject\",\"inLanguage\":\"es\",\"@id\":\"https:\\\/\\\/www.ushgotdf.shop\\\/argentoboom\\\/producto\\\/jordan-retro-4-zapaclones\\\/#primaryimage\",\"url\":\"https:\\\/\\\/www.ushgotdf.shop\\\/argentoboom\\\/wp-content\\\/uploads\\\/2025\\\/08\\\/361035357861442441_n.jpg\",\"contentUrl\":\"https:\\\/\\\/www.ushgotdf.shop\\\/argentoboom\\\/wp-content\\\/uploads\\\/2025\\\/08\\\/361035357861442441_n.jpg\",\"width\":1279,\"height\":837},{\"@type\":\"BreadcrumbList\",\"@id\":\"https:\\\/\\\/www.ushgotdf.shop\\\/argentoboom\\\/producto\\\/jordan-retro-4-zapaclones\\\/#breadcrumb\",\"itemListElement\":[{\"@type\":\"ListItem\",\"position\":1,\"name\":\"Portada\",\"item\":\"https:\\\/\\\/www.ushgotdf.shop\\\/argentoboom\\\/\"},{\"@type\":\"ListItem\",\"position\":2,\"name\":\"Tienda\",\"item\":\"https:\\\/\\\/www.ushgotdf.shop\\\/argentoboom\\\/tienda\\\/\"},{\"@type\":\"ListItem\",\"position\":3,\"name\":\"Jordan Retro 4 \u2013 ZapaClones\"}]},{\"@type\":\"WebSite\",\"@id\":\"https:\\\/\\\/www.ushgotdf.shop\\\/argentoboom\\\/#website\",\"url\":\"https:\\\/\\\/www.ushgotdf.shop\\\/argentoboom\\\/\",\"name\":\"ArgentoBoom\",\"description\":\"\u2728 &iexcl;Descubr&iacute; lo que est&aacute; haciendo BOOM en todo el pa&iacute;s! \u2728\",\"publisher\":{\"@id\":\"https:\\\/\\\/www.ushgotdf.shop\\\/argentoboom\\\/#organization\"},\"potentialAction\":[{\"@type\":\"SearchAction\",\"target\":{\"@type\":\"EntryPoint\",\"urlTemplate\":\"https:\\\/\\\/www.ushgotdf.shop\\\/argentoboom\\\/?s={search_term_string}\"},\"query-input\":{\"@type\":\"PropertyValueSpecification\",\"valueRequired\":true,\"valueName\":\"search_term_string\"}}],\"inLanguage\":\"es\"},{\"@type\":\"Organization\",\"@id\":\"https:\\\/\\\/www.ushgotdf.shop\\\/argentoboom\\\/#organization\",\"name\":\"ArgentoBoom\",\"url\":\"https:\\\/\\\/www.ushgotdf.shop\\\/argentoboom\\\/\",\"logo\":{\"@type\":\"ImageObject\",\"inLanguage\":\"es\",\"@id\":\"https:\\\/\\\/www.ushgotdf.shop\\\/argentoboom\\\/#\\\/schema\\\/logo\\\/image\\\/\",\"url\":\"https:\\\/\\\/www.ushgotdf.shop\\\/argentoboom\\\/wp-content\\\/uploads\\\/2024\\\/10\\\/logo-redondo-arg-1-e1729264842347.jpg\",\"contentUrl\":\"https:\\\/\\\/www.ushgotdf.shop\\\/argentoboom\\\/wp-content\\\/uploads\\\/2024\\\/10\\\/logo-redondo-arg-1-e1729264842347.jpg\",\"width\":120,\"height\":120,\"caption\":\"ArgentoBoom\"},\"image\":{\"@id\":\"https:\\\/\\\/www.ushgotdf.shop\\\/argentoboom\\\/#\\\/schema\\\/logo\\\/image\\\/\"}}]}<\/script>\n<!-- \/ Yoast SEO plugin. -->","yoast_head_json":{"title":"Jordan Retro 4 \u2013 ZapaClones -","description":"Estilo ic\u00f3nico y comodidad premium en cada paso. Materiales de alta calidad, suela acolchada y detalles \u00fanicos que no pasar\u00e1n desapercibidos. \u00a1No te quedes sin las tuyas, los fan\u00e1ticos las est\u00e1n buscando!","robots":{"index":"index","follow":"nofollow","max-snippet":"max-snippet:-1","max-image-preview":"max-image-preview:large","max-video-preview":"max-video-preview:-1"},"canonical":"https:\/\/www.ushgotdf.shop\/argentoboom\/producto\/jordan-retro-4-zapaclones\/","og_locale":"es_ES","og_type":"article","og_title":"Jordan Retro 4 \u2013 ZapaClones -","og_description":"Estilo ic\u00f3nico y comodidad premium en cada paso. Materiales de alta calidad, suela acolchada y detalles \u00fanicos que no pasar\u00e1n desapercibidos. \u00a1No te quedes sin las tuyas, los fan\u00e1ticos las est\u00e1n buscando!","og_url":"https:\/\/www.ushgotdf.shop\/argentoboom\/producto\/jordan-retro-4-zapaclones\/","og_site_name":"ArgentoBoom","article_modified_time":"2025-09-08T00:34:35+00:00","og_image":[{"width":1279,"height":837,"url":"https:\/\/www.ushgotdf.shop\/argentoboom\/wp-content\/uploads\/2025\/08\/361035357861442441_n.jpg","type":"image\/jpeg"}],"twitter_card":"summary_large_image","twitter_misc":{"Tiempo de lectura":"1 minuto"},"schema":{"@context":"https:\/\/schema.org","@graph":[{"@type":"WebPage","@id":"https:\/\/www.ushgotdf.shop\/argentoboom\/producto\/jordan-retro-4-zapaclones\/","url":"https:\/\/www.ushgotdf.shop\/argentoboom\/producto\/jordan-retro-4-zapaclones\/","name":"Jordan Retro 4 \u2013 ZapaClones -","isPartOf":{"@id":"https:\/\/www.ushgotdf.shop\/argentoboom\/#website"},"primaryImageOfPage":{"@id":"https:\/\/www.ushgotdf.shop\/argentoboom\/producto\/jordan-retro-4-zapaclones\/#primaryimage"},"image":{"@id":"https:\/\/www.ushgotdf.shop\/argentoboom\/producto\/jordan-retro-4-zapaclones\/#primaryimage"},"thumbnailUrl":"https:\/\/www.ushgotdf.shop\/argentoboom\/wp-content\/uploads\/2025\/08\/361035357861442441_n.jpg","datePublished":"2025-08-27T20:04:58+00:00","dateModified":"2025-09-08T00:34:35+00:00","description":"Estilo ic\u00f3nico y comodidad premium en cada paso. Materiales de alta calidad, suela acolchada y detalles \u00fanicos que no pasar\u00e1n desapercibidos. \u00a1No te quedes sin las tuyas, los fan\u00e1ticos las est\u00e1n buscando!","breadcrumb":{"@id":"https:\/\/www.ushgotdf.shop\/argentoboom\/producto\/jordan-retro-4-zapaclones\/#breadcrumb"},"inLanguage":"es","potentialAction":[{"@type":"ReadAction","target":["https:\/\/www.ushgotdf.shop\/argentoboom\/producto\/jordan-retro-4-zapaclones\/"]}]},{"@type":"ImageObject","inLanguage":"es","@id":"https:\/\/www.ushgotdf.shop\/argentoboom\/producto\/jordan-retro-4-zapaclones\/#primaryimage","url":"https:\/\/www.ushgotdf.shop\/argentoboom\/wp-content\/uploads\/2025\/08\/361035357861442441_n.jpg","contentUrl":"https:\/\/www.ushgotdf.shop\/argentoboom\/wp-content\/uploads\/2025\/08\/361035357861442441_n.jpg","width":1279,"height":837},{"@type":"BreadcrumbList","@id":"https:\/\/www.ushgotdf.shop\/argentoboom\/producto\/jordan-retro-4-zapaclones\/#breadcrumb","itemListElement":[{"@type":"ListItem","position":1,"name":"Portada","item":"https:\/\/www.ushgotdf.shop\/argentoboom\/"},{"@type":"ListItem","position":2,"name":"Tienda","item":"https:\/\/www.ushgotdf.shop\/argentoboom\/tienda\/"},{"@type":"ListItem","position":3,"name":"Jordan Retro 4 \u2013 ZapaClones"}]},{"@type":"WebSite","@id":"https:\/\/www.ushgotdf.shop\/argentoboom\/#website","url":"https:\/\/www.ushgotdf.shop\/argentoboom\/","name":"ArgentoBoom","description":"\u2728 &iexcl;Descubr&iacute; lo que est&aacute; haciendo BOOM en todo el pa&iacute;s! \u2728","publisher":{"@id":"https:\/\/www.ushgotdf.shop\/argentoboom\/#organization"},"potentialAction":[{"@type":"SearchAction","target":{"@type":"EntryPoint","urlTemplate":"https:\/\/www.ushgotdf.shop\/argentoboom\/?s={search_term_string}"},"query-input":{"@type":"PropertyValueSpecification","valueRequired":true,"valueName":"search_term_string"}}],"inLanguage":"es"},{"@type":"Organization","@id":"https:\/\/www.ushgotdf.shop\/argentoboom\/#organization","name":"ArgentoBoom","url":"https:\/\/www.ushgotdf.shop\/argentoboom\/","logo":{"@type":"ImageObject","inLanguage":"es","@id":"https:\/\/www.ushgotdf.shop\/argentoboom\/#\/schema\/logo\/image\/","url":"https:\/\/www.ushgotdf.shop\/argentoboom\/wp-content\/uploads\/2024\/10\/logo-redondo-arg-1-e1729264842347.jpg","contentUrl":"https:\/\/www.ushgotdf.shop\/argentoboom\/wp-content\/uploads\/2024\/10\/logo-redondo-arg-1-e1729264842347.jpg","width":120,"height":120,"caption":"ArgentoBoom"},"image":{"@id":"https:\/\/www.ushgotdf.shop\/argentoboom\/#\/schema\/logo\/image\/"}}]}},"uagb_featured_image_src":{"full":["https:\/\/www.ushgotdf.shop\/argentoboom\/wp-content\/uploads\/2025\/08\/361035357861442441_n.jpg",1279,837,false],"thumbnail":["https:\/\/www.ushgotdf.shop\/argentoboom\/wp-content\/uploads\/2025\/08\/361035357861442441_n-150x150.jpg",150,150,true],"medium":["https:\/\/www.ushgotdf.shop\/argentoboom\/wp-content\/uploads\/2025\/08\/361035357861442441_n-300x196.jpg",300,196,true],"medium_large":["https:\/\/www.ushgotdf.shop\/argentoboom\/wp-content\/uploads\/2025\/08\/361035357861442441_n-768x503.jpg",768,503,true],"large":["https:\/\/www.ushgotdf.shop\/argentoboom\/wp-content\/uploads\/2025\/08\/361035357861442441_n-1024x670.jpg",1024,670,true],"1536x1536":["https:\/\/www.ushgotdf.shop\/argentoboom\/wp-content\/uploads\/2025\/08\/361035357861442441_n.jpg",1279,837,false],"2048x2048":["https:\/\/www.ushgotdf.shop\/argentoboom\/wp-content\/uploads\/2025\/08\/361035357861442441_n.jpg",1279,837,false],"woocommerce_archive_thumbnail":["https:\/\/www.ushgotdf.shop\/argentoboom\/wp-content\/uploads\/2025\/08\/361035357861442441_n-300x300.jpg",300,300,true],"woocommerce_thumbnail":["https:\/\/www.ushgotdf.shop\/argentoboom\/wp-content\/uploads\/2025\/08\/361035357861442441_n-300x300.jpg",300,300,true],"woocommerce_single":["https:\/\/www.ushgotdf.shop\/argentoboom\/wp-content\/uploads\/2025\/08\/361035357861442441_n-600x393.jpg",600,393,true],"woocommerce_gallery_thumbnail":["https:\/\/www.ushgotdf.shop\/argentoboom\/wp-content\/uploads\/2025\/08\/361035357861442441_n-100x100.jpg",100,100,true]},"uagb_author_info":{"display_name":"admin","author_link":"https:\/\/www.ushgotdf.shop\/argentoboom\/author\/"},"uagb_comment_info":0,"uagb_excerpt":"Estilo ic\u00f3nico y comodidad premium en cada paso. Materiales de alta calidad, suela acolchada y detalles \u00fanicos que no pasar\u00e1n desapercibidos. \u00a1No te quedes sin las tuyas, los fan\u00e1ticos las est\u00e1n buscando!","_links":{"self":[{"href":"https:\/\/www.ushgotdf.shop\/argentoboom\/wp-json\/wp\/v2\/product\/873","targetHints":{"allow":["GET"]}}],"collection":[{"href":"https:\/\/www.ushgotdf.shop\/argentoboom\/wp-json\/wp\/v2\/product"}],"about":[{"href":"https:\/\/www.ushgotdf.shop\/argentoboom\/wp-json\/wp\/v2\/types\/product"}],"wp:featuredmedia":[{"embeddable":true,"href":"https:\/\/www.ushgotdf.shop\/argentoboom\/wp-json\/wp\/v2\/media\/867"}],"wp:attachment":[{"href":"https:\/\/www.ushgotdf.shop\/argentoboom\/wp-json\/wp\/v2\/media?parent=873"}],"wp:term":[{"taxonomy":"product_brand","embeddable":true,"href":"https:\/\/www.ushgotdf.shop\/argentoboom\/wp-json\/wp\/v2\/product_brand?post=873"},{"taxonomy":"product_cat","embeddable":true,"href":"https:\/\/www.ushgotdf.shop\/argentoboom\/wp-json\/wp\/v2\/product_cat?post=873"},{"taxonomy":"product_tag","embeddable":true,"href":"https:\/\/www.ushgotdf.shop\/argentoboom\/wp-json\/wp\/v2\/product_tag?post=873"}],"curies":[{"name":"wp","href":"https:\/\/api.w.org\/{rel}","templated":true}]}}