{"id":991,"date":"2025-09-11T09:55:30","date_gmt":"2025-09-11T12:55:30","guid":{"rendered":"https:\/\/www.ushgotdf.shop\/argentoboom\/?post_type=product&#038;p=991"},"modified":"2025-09-10T20:32:42","modified_gmt":"2025-09-10T23:32:42","slug":"supertar-beige-y-plata","status":"publish","type":"product","link":"https:\/\/www.ushgotdf.shop\/argentoboom\/producto\/supertar-beige-y-plata\/","title":{"rendered":"SUPERTAR BEIGE Y PLATA"},"content":{"rendered":"<p data-start=\"545\" data-end=\"800\">Descubr\u00ed el estilo \u00fanico de las <strong data-start=\"577\" data-end=\"606\">SUPERTAR BEIGE Y PLATEADO<\/strong>, una fusi\u00f3n perfecta de dise\u00f1o urbano y elegancia moderna. Su combinaci\u00f3n de tonos neutros con detalles met\u00e1licos te permite elevar cualquier outfit, desde lo casual hasta lo m\u00e1s sofisticado.<\/p>\n<p data-start=\"802\" data-end=\"1022\">Fabricadas con materiales de <strong data-start=\"831\" data-end=\"850\">calidad premium<\/strong>, estas zapatillas ofrecen comodidad, resistencia y un acabado impecable. Con su dise\u00f1o vers\u00e1til, son el calzado ideal para quienes buscan destacarse sin perder frescura.<\/p>\n","protected":false},"excerpt":{"rendered":"<p>SUPERTAR BEIGE Y PLATEADO \ud83d\udc5f\u2728<br data-start=\"1234\" data-end=\"1237\" \/>Un cl\u00e1sico renovado con detalles modernos.<br data-start=\"1279\" data-end=\"1282\" \/>\ud83d\udce6 Con caja \u2022 \u2705 Calidad Premium \u2022 \ud83d\udd25 Del 34 al 39 \u2022 \ud83d\ude9a Env\u00edos a todo el pa\u00eds.<\/p>\n","protected":false},"featured_media":986,"template":"","meta":{"_uag_custom_page_level_css":""},"product_brand":[],"product_cat":[15],"product_tag":[],"class_list":{"0":"post-991","1":"product","2":"type-product","3":"status-publish","4":"has-post-thumbnail","6":"product_cat-sin-categorizar","8":"first","9":"instock","10":"shipping-taxable","11":"purchasable","12":"product-type-variable"},"yoast_head":"<!-- This site is optimized with the Yoast SEO plugin v27.5 - https:\/\/yoast.com\/product\/yoast-seo-wordpress\/ -->\n<title>SUPERTAR BEIGE Y PLATA - ArgentoBoom<\/title>\n<meta name=\"robots\" content=\"noindex, nofollow\" \/>\n<meta property=\"og:locale\" content=\"es_ES\" \/>\n<meta property=\"og:type\" content=\"article\" \/>\n<meta property=\"og:title\" content=\"SUPERTAR BEIGE Y PLATA - ArgentoBoom\" \/>\n<meta property=\"og:description\" content=\"SUPERTAR BEIGE Y PLATEADO \ud83d\udc5f\u2728Un cl\u00e1sico renovado con detalles modernos.\ud83d\udce6 Con caja \u2022 \u2705 Calidad Premium \u2022 \ud83d\udd25 Del 34 al 39 \u2022 \ud83d\ude9a Env\u00edos a todo el pa\u00eds.\" \/>\n<meta property=\"og:url\" content=\"https:\/\/www.ushgotdf.shop\/argentoboom\/producto\/supertar-beige-y-plata\/\" \/>\n<meta property=\"og:site_name\" content=\"ArgentoBoom\" \/>\n<meta property=\"og:image\" content=\"https:\/\/www.ushgotdf.shop\/argentoboom\/wp-content\/uploads\/2025\/09\/DESRACADA.jpg\" \/>\n\t<meta property=\"og:image:width\" content=\"1200\" \/>\n\t<meta property=\"og:image:height\" content=\"630\" \/>\n\t<meta property=\"og:image:type\" content=\"image\/jpeg\" \/>\n<meta name=\"twitter:card\" content=\"summary_large_image\" \/>\n<meta name=\"twitter:label1\" content=\"Tiempo de lectura\" \/>\n\t<meta name=\"twitter:data1\" content=\"1 minuto\" \/>\n<script type=\"application\/ld+json\" class=\"yoast-schema-graph\">{\"@context\":\"https:\\\/\\\/schema.org\",\"@graph\":[{\"@type\":\"WebPage\",\"@id\":\"https:\\\/\\\/www.ushgotdf.shop\\\/argentoboom\\\/producto\\\/supertar-beige-y-plata\\\/\",\"url\":\"https:\\\/\\\/www.ushgotdf.shop\\\/argentoboom\\\/producto\\\/supertar-beige-y-plata\\\/\",\"name\":\"SUPERTAR BEIGE Y PLATA - ArgentoBoom\",\"isPartOf\":{\"@id\":\"https:\\\/\\\/www.ushgotdf.shop\\\/argentoboom\\\/#website\"},\"primaryImageOfPage\":{\"@id\":\"https:\\\/\\\/www.ushgotdf.shop\\\/argentoboom\\\/producto\\\/supertar-beige-y-plata\\\/#primaryimage\"},\"image\":{\"@id\":\"https:\\\/\\\/www.ushgotdf.shop\\\/argentoboom\\\/producto\\\/supertar-beige-y-plata\\\/#primaryimage\"},\"thumbnailUrl\":\"https:\\\/\\\/www.ushgotdf.shop\\\/argentoboom\\\/wp-content\\\/uploads\\\/2025\\\/09\\\/DESRACADA.jpg\",\"datePublished\":\"2025-09-11T12:55:30+00:00\",\"breadcrumb\":{\"@id\":\"https:\\\/\\\/www.ushgotdf.shop\\\/argentoboom\\\/producto\\\/supertar-beige-y-plata\\\/#breadcrumb\"},\"inLanguage\":\"es\",\"potentialAction\":[{\"@type\":\"ReadAction\",\"target\":[\"https:\\\/\\\/www.ushgotdf.shop\\\/argentoboom\\\/producto\\\/supertar-beige-y-plata\\\/\"]}]},{\"@type\":\"ImageObject\",\"inLanguage\":\"es\",\"@id\":\"https:\\\/\\\/www.ushgotdf.shop\\\/argentoboom\\\/producto\\\/supertar-beige-y-plata\\\/#primaryimage\",\"url\":\"https:\\\/\\\/www.ushgotdf.shop\\\/argentoboom\\\/wp-content\\\/uploads\\\/2025\\\/09\\\/DESRACADA.jpg\",\"contentUrl\":\"https:\\\/\\\/www.ushgotdf.shop\\\/argentoboom\\\/wp-content\\\/uploads\\\/2025\\\/09\\\/DESRACADA.jpg\",\"width\":1200,\"height\":630},{\"@type\":\"BreadcrumbList\",\"@id\":\"https:\\\/\\\/www.ushgotdf.shop\\\/argentoboom\\\/producto\\\/supertar-beige-y-plata\\\/#breadcrumb\",\"itemListElement\":[{\"@type\":\"ListItem\",\"position\":1,\"name\":\"Portada\",\"item\":\"https:\\\/\\\/www.ushgotdf.shop\\\/argentoboom\\\/\"},{\"@type\":\"ListItem\",\"position\":2,\"name\":\"Tienda\",\"item\":\"https:\\\/\\\/www.ushgotdf.shop\\\/argentoboom\\\/tienda\\\/\"},{\"@type\":\"ListItem\",\"position\":3,\"name\":\"SUPERTAR BEIGE Y PLATA\"}]},{\"@type\":\"WebSite\",\"@id\":\"https:\\\/\\\/www.ushgotdf.shop\\\/argentoboom\\\/#website\",\"url\":\"https:\\\/\\\/www.ushgotdf.shop\\\/argentoboom\\\/\",\"name\":\"ArgentoBoom\",\"description\":\"\u2728 &iexcl;Descubr&iacute; lo que est&aacute; haciendo BOOM en todo el pa&iacute;s! \u2728\",\"publisher\":{\"@id\":\"https:\\\/\\\/www.ushgotdf.shop\\\/argentoboom\\\/#organization\"},\"potentialAction\":[{\"@type\":\"SearchAction\",\"target\":{\"@type\":\"EntryPoint\",\"urlTemplate\":\"https:\\\/\\\/www.ushgotdf.shop\\\/argentoboom\\\/?s={search_term_string}\"},\"query-input\":{\"@type\":\"PropertyValueSpecification\",\"valueRequired\":true,\"valueName\":\"search_term_string\"}}],\"inLanguage\":\"es\"},{\"@type\":\"Organization\",\"@id\":\"https:\\\/\\\/www.ushgotdf.shop\\\/argentoboom\\\/#organization\",\"name\":\"ArgentoBoom\",\"url\":\"https:\\\/\\\/www.ushgotdf.shop\\\/argentoboom\\\/\",\"logo\":{\"@type\":\"ImageObject\",\"inLanguage\":\"es\",\"@id\":\"https:\\\/\\\/www.ushgotdf.shop\\\/argentoboom\\\/#\\\/schema\\\/logo\\\/image\\\/\",\"url\":\"https:\\\/\\\/www.ushgotdf.shop\\\/argentoboom\\\/wp-content\\\/uploads\\\/2024\\\/10\\\/logo-redondo-arg-1-e1729264842347.jpg\",\"contentUrl\":\"https:\\\/\\\/www.ushgotdf.shop\\\/argentoboom\\\/wp-content\\\/uploads\\\/2024\\\/10\\\/logo-redondo-arg-1-e1729264842347.jpg\",\"width\":120,\"height\":120,\"caption\":\"ArgentoBoom\"},\"image\":{\"@id\":\"https:\\\/\\\/www.ushgotdf.shop\\\/argentoboom\\\/#\\\/schema\\\/logo\\\/image\\\/\"}}]}<\/script>\n<!-- \/ Yoast SEO plugin. -->","yoast_head_json":{"title":"SUPERTAR BEIGE Y PLATA - ArgentoBoom","robots":{"index":"noindex","follow":"nofollow"},"og_locale":"es_ES","og_type":"article","og_title":"SUPERTAR BEIGE Y PLATA - ArgentoBoom","og_description":"SUPERTAR BEIGE Y PLATEADO \ud83d\udc5f\u2728Un cl\u00e1sico renovado con detalles modernos.\ud83d\udce6 Con caja \u2022 \u2705 Calidad Premium \u2022 \ud83d\udd25 Del 34 al 39 \u2022 \ud83d\ude9a Env\u00edos a todo el pa\u00eds.","og_url":"https:\/\/www.ushgotdf.shop\/argentoboom\/producto\/supertar-beige-y-plata\/","og_site_name":"ArgentoBoom","og_image":[{"width":1200,"height":630,"url":"https:\/\/www.ushgotdf.shop\/argentoboom\/wp-content\/uploads\/2025\/09\/DESRACADA.jpg","type":"image\/jpeg"}],"twitter_card":"summary_large_image","twitter_misc":{"Tiempo de lectura":"1 minuto"},"schema":{"@context":"https:\/\/schema.org","@graph":[{"@type":"WebPage","@id":"https:\/\/www.ushgotdf.shop\/argentoboom\/producto\/supertar-beige-y-plata\/","url":"https:\/\/www.ushgotdf.shop\/argentoboom\/producto\/supertar-beige-y-plata\/","name":"SUPERTAR BEIGE Y PLATA - ArgentoBoom","isPartOf":{"@id":"https:\/\/www.ushgotdf.shop\/argentoboom\/#website"},"primaryImageOfPage":{"@id":"https:\/\/www.ushgotdf.shop\/argentoboom\/producto\/supertar-beige-y-plata\/#primaryimage"},"image":{"@id":"https:\/\/www.ushgotdf.shop\/argentoboom\/producto\/supertar-beige-y-plata\/#primaryimage"},"thumbnailUrl":"https:\/\/www.ushgotdf.shop\/argentoboom\/wp-content\/uploads\/2025\/09\/DESRACADA.jpg","datePublished":"2025-09-11T12:55:30+00:00","breadcrumb":{"@id":"https:\/\/www.ushgotdf.shop\/argentoboom\/producto\/supertar-beige-y-plata\/#breadcrumb"},"inLanguage":"es","potentialAction":[{"@type":"ReadAction","target":["https:\/\/www.ushgotdf.shop\/argentoboom\/producto\/supertar-beige-y-plata\/"]}]},{"@type":"ImageObject","inLanguage":"es","@id":"https:\/\/www.ushgotdf.shop\/argentoboom\/producto\/supertar-beige-y-plata\/#primaryimage","url":"https:\/\/www.ushgotdf.shop\/argentoboom\/wp-content\/uploads\/2025\/09\/DESRACADA.jpg","contentUrl":"https:\/\/www.ushgotdf.shop\/argentoboom\/wp-content\/uploads\/2025\/09\/DESRACADA.jpg","width":1200,"height":630},{"@type":"BreadcrumbList","@id":"https:\/\/www.ushgotdf.shop\/argentoboom\/producto\/supertar-beige-y-plata\/#breadcrumb","itemListElement":[{"@type":"ListItem","position":1,"name":"Portada","item":"https:\/\/www.ushgotdf.shop\/argentoboom\/"},{"@type":"ListItem","position":2,"name":"Tienda","item":"https:\/\/www.ushgotdf.shop\/argentoboom\/tienda\/"},{"@type":"ListItem","position":3,"name":"SUPERTAR BEIGE Y PLATA"}]},{"@type":"WebSite","@id":"https:\/\/www.ushgotdf.shop\/argentoboom\/#website","url":"https:\/\/www.ushgotdf.shop\/argentoboom\/","name":"ArgentoBoom","description":"\u2728 &iexcl;Descubr&iacute; lo que est&aacute; haciendo BOOM en todo el pa&iacute;s! \u2728","publisher":{"@id":"https:\/\/www.ushgotdf.shop\/argentoboom\/#organization"},"potentialAction":[{"@type":"SearchAction","target":{"@type":"EntryPoint","urlTemplate":"https:\/\/www.ushgotdf.shop\/argentoboom\/?s={search_term_string}"},"query-input":{"@type":"PropertyValueSpecification","valueRequired":true,"valueName":"search_term_string"}}],"inLanguage":"es"},{"@type":"Organization","@id":"https:\/\/www.ushgotdf.shop\/argentoboom\/#organization","name":"ArgentoBoom","url":"https:\/\/www.ushgotdf.shop\/argentoboom\/","logo":{"@type":"ImageObject","inLanguage":"es","@id":"https:\/\/www.ushgotdf.shop\/argentoboom\/#\/schema\/logo\/image\/","url":"https:\/\/www.ushgotdf.shop\/argentoboom\/wp-content\/uploads\/2024\/10\/logo-redondo-arg-1-e1729264842347.jpg","contentUrl":"https:\/\/www.ushgotdf.shop\/argentoboom\/wp-content\/uploads\/2024\/10\/logo-redondo-arg-1-e1729264842347.jpg","width":120,"height":120,"caption":"ArgentoBoom"},"image":{"@id":"https:\/\/www.ushgotdf.shop\/argentoboom\/#\/schema\/logo\/image\/"}}]}},"uagb_featured_image_src":{"full":["https:\/\/www.ushgotdf.shop\/argentoboom\/wp-content\/uploads\/2025\/09\/DESRACADA.jpg",1200,630,false],"thumbnail":["https:\/\/www.ushgotdf.shop\/argentoboom\/wp-content\/uploads\/2025\/09\/DESRACADA-150x150.jpg",150,150,true],"medium":["https:\/\/www.ushgotdf.shop\/argentoboom\/wp-content\/uploads\/2025\/09\/DESRACADA-300x158.jpg",300,158,true],"medium_large":["https:\/\/www.ushgotdf.shop\/argentoboom\/wp-content\/uploads\/2025\/09\/DESRACADA-768x403.jpg",768,403,true],"large":["https:\/\/www.ushgotdf.shop\/argentoboom\/wp-content\/uploads\/2025\/09\/DESRACADA-1024x538.jpg",1024,538,true],"1536x1536":["https:\/\/www.ushgotdf.shop\/argentoboom\/wp-content\/uploads\/2025\/09\/DESRACADA.jpg",1200,630,false],"2048x2048":["https:\/\/www.ushgotdf.shop\/argentoboom\/wp-content\/uploads\/2025\/09\/DESRACADA.jpg",1200,630,false],"woocommerce_archive_thumbnail":["https:\/\/www.ushgotdf.shop\/argentoboom\/wp-content\/uploads\/2025\/09\/DESRACADA-300x300.jpg",300,300,true],"woocommerce_thumbnail":["https:\/\/www.ushgotdf.shop\/argentoboom\/wp-content\/uploads\/2025\/09\/DESRACADA-300x300.jpg",300,300,true],"woocommerce_single":["https:\/\/www.ushgotdf.shop\/argentoboom\/wp-content\/uploads\/2025\/09\/DESRACADA-600x315.jpg",600,315,true],"woocommerce_gallery_thumbnail":["https:\/\/www.ushgotdf.shop\/argentoboom\/wp-content\/uploads\/2025\/09\/DESRACADA-100x100.jpg",100,100,true]},"uagb_author_info":{"display_name":"admin","author_link":"https:\/\/www.ushgotdf.shop\/argentoboom\/author\/"},"uagb_comment_info":0,"uagb_excerpt":"SUPERTAR BEIGE Y PLATEADO \ud83d\udc5f\u2728Un cl\u00e1sico renovado con detalles modernos.\ud83d\udce6 Con caja \u2022 \u2705 Calidad Premium \u2022 \ud83d\udd25 Del 34 al 39 \u2022 \ud83d\ude9a Env\u00edos a todo el pa\u00eds.","_links":{"self":[{"href":"https:\/\/www.ushgotdf.shop\/argentoboom\/wp-json\/wp\/v2\/product\/991","targetHints":{"allow":["GET"]}}],"collection":[{"href":"https:\/\/www.ushgotdf.shop\/argentoboom\/wp-json\/wp\/v2\/product"}],"about":[{"href":"https:\/\/www.ushgotdf.shop\/argentoboom\/wp-json\/wp\/v2\/types\/product"}],"wp:featuredmedia":[{"embeddable":true,"href":"https:\/\/www.ushgotdf.shop\/argentoboom\/wp-json\/wp\/v2\/media\/986"}],"wp:attachment":[{"href":"https:\/\/www.ushgotdf.shop\/argentoboom\/wp-json\/wp\/v2\/media?parent=991"}],"wp:term":[{"taxonomy":"product_brand","embeddable":true,"href":"https:\/\/www.ushgotdf.shop\/argentoboom\/wp-json\/wp\/v2\/product_brand?post=991"},{"taxonomy":"product_cat","embeddable":true,"href":"https:\/\/www.ushgotdf.shop\/argentoboom\/wp-json\/wp\/v2\/product_cat?post=991"},{"taxonomy":"product_tag","embeddable":true,"href":"https:\/\/www.ushgotdf.shop\/argentoboom\/wp-json\/wp\/v2\/product_tag?post=991"}],"curies":[{"name":"wp","href":"https:\/\/api.w.org\/{rel}","templated":true}]}}